{"id":10,"date":"2014-07-15T19:45:42","date_gmt":"2014-07-15T17:45:42","guid":{"rendered":"http:\/\/www.prime.il.pw.edu.pl\/?page_id=10"},"modified":"2020-07-02T18:30:44","modified_gmt":"2020-07-02T16:30:44","slug":"01-2","status":"publish","type":"page","link":"https:\/\/www.prime.il.pw.edu.pl\/?page_id=10","title":{"rendered":"1"},"content":{"rendered":"<p><strong>Arytmetyka komputerowa<\/strong><\/p>\n<p>1. Arytmetyka komputerowa . 1<br \/>\n1.1. Liczby i dzia\u0142ania arytmetyczne . 1<br \/>\n1.2. Systemy liczbowe . 2<br \/>\n1.2.1. Addytywny system liczbowy . 2<br \/>\n1.2.2. Pozycyjny system liczbowy . 3<br \/>\n1.2.3. Reprezentacja liczb . 4<br \/>\n1.3. Konwersja mi\u0119dzy systemami . 6<br \/>\n1.4. Binarna reprezentacja liczb ca\u0142kowitych . 8<br \/>\n1.5. Binarna reprezentacja liczb rzeczywistych . 9<br \/>\n1.6. Dok\u0142adno\u015b\u0107 oblicze\u0144 . 13<br \/>\n1.7. Metody i narz\u0119dzia obliczeniowe . 16<br \/>\n1.7.1. Obliczenia symboliczne i numeryczne . 16<br \/>\n1.7.2. Pakiety komputerowe . 17<br \/>\n1.7.3. Zasady pracy z pakietami matematycznymi . 20<br \/>\n1.8. Zadania . 21<\/p>\n","protected":false},"excerpt":{"rendered":"<p>Arytmetyka komputerowa 1. Arytmetyka komputerowa . 1 1.1. Liczby i dzia\u0142ania arytmetyczne . 1 1.2. Systemy liczbowe . 2 1.2.1. Addytywny system liczbowy . 2 1.2.2. Pozycyjny system liczbowy . 3 1.2.3. Reprezentacja liczb . 4 1.3. Konwersja mi\u0119dzy systemami . 6 1.4. Binarna reprezentacja liczb ca\u0142kowitych . 8 1.5. Binarna reprezentacja liczb rzeczywistych . &hellip; <\/p>\n<p class=\"link-more\"><a href=\"https:\/\/www.prime.il.pw.edu.pl\/?page_id=10\" class=\"more-link\">Czytaj dalej<span class=\"screen-reader-text\"> \u201e1\u201d<\/span><\/a><\/p>\n","protected":false},"author":1,"featured_media":0,"parent":0,"menu_order":0,"comment_status":"open","ping_status":"open","template":"","meta":{"_exactmetrics_skip_tracking":false,"_exactmetrics_sitenote_active":false,"_exactmetrics_sitenote_note":"","_exactmetrics_sitenote_category":0,"footnotes":""},"_links":{"self":[{"href":"https:\/\/www.prime.il.pw.edu.pl\/index.php?rest_route=\/wp\/v2\/pages\/10"}],"collection":[{"href":"https:\/\/www.prime.il.pw.edu.pl\/index.php?rest_route=\/wp\/v2\/pages"}],"about":[{"href":"https:\/\/www.prime.il.pw.edu.pl\/index.php?rest_route=\/wp\/v2\/types\/page"}],"author":[{"embeddable":true,"href":"https:\/\/www.prime.il.pw.edu.pl\/index.php?rest_route=\/wp\/v2\/users\/1"}],"replies":[{"embeddable":true,"href":"https:\/\/www.prime.il.pw.edu.pl\/index.php?rest_route=%2Fwp%2Fv2%2Fcomments&post=10"}],"version-history":[{"count":2,"href":"https:\/\/www.prime.il.pw.edu.pl\/index.php?rest_route=\/wp\/v2\/pages\/10\/revisions"}],"predecessor-version":[{"id":619,"href":"https:\/\/www.prime.il.pw.edu.pl\/index.php?rest_route=\/wp\/v2\/pages\/10\/revisions\/619"}],"wp:attachment":[{"href":"https:\/\/www.prime.il.pw.edu.pl\/index.php?rest_route=%2Fwp%2Fv2%2Fmedia&parent=10"}],"curies":[{"name":"wp","href":"https:\/\/api.w.org\/{rel}","templated":true}]}}