{"id":16,"date":"2014-07-15T19:49:41","date_gmt":"2014-07-15T17:49:41","guid":{"rendered":"http:\/\/www.prime.il.pw.edu.pl\/?page_id=16"},"modified":"2016-01-09T10:31:09","modified_gmt":"2016-01-09T09:31:09","slug":"arkusz-roboczy","status":"publish","type":"page","link":"https:\/\/www.prime.il.pw.edu.pl\/?page_id=16","title":{"rendered":"Podstawy pracy"},"content":{"rendered":"<p><em>First things first<\/em> czyli podstawy pracy w <strong>Prime<\/strong>&#8230; Program <strong>PTC MathCAD Prime 3.0<\/strong> mo\u017ce by\u0107 uruchamiany w pe\u0142nej, licencjonowanej wersji komercyjnej b\u0105d\u017a te\u017c w nieodp\u0142atnej wersji <strong>Express <\/strong>o nieco ograniczonych mo\u017cliwo\u015bciach i funkcjonalno\u015bciach. Wersja <strong>Express<\/strong> nie ma takich element\u00f3w jak: szablony, zaawansowane funkcje obliczeniowe, blok rozwi\u0105zywania uk\u0142ad\u00f3w r\u00f3wna\u0144, programowanie, obliczenia symboliczne, integracja z arkuszem kalkulacyjnym i zaawansowane typy wykres\u00f3w. W bardzo wielu przypadkach mo\u017ce by\u0107 jednak wystarczaj\u0105ca do prowadzenia nawet zaawansowanych oblicze\u0144 numerycznych i ich wizualizacji. W wersji <strong>Express <\/strong>niedost\u0119pne fragmenty i opcje programu s\u0105 zaznaczone pochy\u0142\u0105 czcionk\u0119. Podstawowe zasady pracy w programie s\u0105 jednak dla obu jego wersji identyczne.<br \/>\nWszystkie programy s\u0105 podobne do siebie, ale mo\u017ce jednak warto pozna\u0107 zasady pracy w Prime aby korzystanie z tego narz\u0119dzia by\u0142o przyjemno\u015bci\u0105 a nie udr\u0119k\u0105. <\/p>\n<p><a id=\"69f470f8545b2\" rel=\"wp-video-lightbox\" href=\"https:\/\/www.youtube.com\/watch?v=g4SljOqNGhw&#038;rel=0&#038;width=1280&#038;height=720\" title=\"\">02-01 {7:31} Ekran programu<\/a>    <script>\r\n    \/* <![CDATA[ *\/\r\n    jQuery(document).ready(function($){\r\n        $(function(){\r\n            var width = $(window).innerWidth();\r\n            var setwidth = parseFloat(1280);\r\n            var ratio = parseFloat(0.5625);\r\n            var height = parseFloat(720);\r\n            var link = 'https:\/\/www.youtube.com\/watch?v=g4SljOqNGhw&amp;rel=0&amp;width=1280&amp;height=720';\r\n            if(width < setwidth)\r\n            {\r\n                height = Math.floor(width * 0.5625);\r\n                \/\/console.log(\"device width \"+width+\", set width \"+1280+\", ratio \"+0.5625+\", new height \"+ height);\r\n                var new_url = wpvl_paramReplace('width', link, width);\r\n                var new_url = wpvl_paramReplace('height', new_url, height);\r\n                $(\"a#69f470f8545b2\").attr('href', new_url);\r\n                \/\/console.log(new_url);\r\n            }\r\n        });\r\n    });\r\n    \/* ]]> *\/\r\n    <\/script><br \/>\n<a id=\"69f470f854638\" rel=\"wp-video-lightbox\" href=\"https:\/\/www.youtube.com\/watch?v=Jz1ucdNYhZ0&#038;rel=0&#038;width=1280&#038;height=720\" title=\"\">02-02 {12:51} Idea region\u00f3w<\/a>    <script>\r\n    \/* <![CDATA[ *\/\r\n    jQuery(document).ready(function($){\r\n        $(function(){\r\n            var width = $(window).innerWidth();\r\n            var setwidth = parseFloat(1280);\r\n            var ratio = parseFloat(0.5625);\r\n            var height = parseFloat(720);\r\n            var link = 'https:\/\/www.youtube.com\/watch?v=Jz1ucdNYhZ0&amp;rel=0&amp;width=1280&amp;height=720';\r\n            if(width < setwidth)\r\n            {\r\n                height = Math.floor(width * 0.5625);\r\n                \/\/console.log(\"device width \"+width+\", set width \"+1280+\", ratio \"+0.5625+\", new height \"+ height);\r\n                var new_url = wpvl_paramReplace('width', link, width);\r\n                var new_url = wpvl_paramReplace('height', new_url, height);\r\n                $(\"a#69f470f854638\").attr('href', new_url);\r\n                \/\/console.log(new_url);\r\n            }\r\n        });\r\n    });\r\n    \/* ]]> *\/\r\n    <\/script><br \/>\n<a id=\"69f470f85466b\" rel=\"wp-video-lightbox\" href=\"https:\/\/www.youtube.com\/watch?v=rVwLXgFe4Gw&#038;rel=0&#038;width=1280&#038;height=720\" title=\"\">02-03 {7:28} Wyra\u017cenia matematyczne<\/a>    <script>\r\n    \/* <![CDATA[ *\/\r\n    jQuery(document).ready(function($){\r\n        $(function(){\r\n            var width = $(window).innerWidth();\r\n            var setwidth = parseFloat(1280);\r\n            var ratio = parseFloat(0.5625);\r\n            var height = parseFloat(720);\r\n            var link = 'https:\/\/www.youtube.com\/watch?v=rVwLXgFe4Gw&amp;rel=0&amp;width=1280&amp;height=720';\r\n            if(width < setwidth)\r\n            {\r\n                height = Math.floor(width * 0.5625);\r\n                \/\/console.log(\"device width \"+width+\", set width \"+1280+\", ratio \"+0.5625+\", new height \"+ height);\r\n                var new_url = wpvl_paramReplace('width', link, width);\r\n                var new_url = wpvl_paramReplace('height', new_url, height);\r\n                $(\"a#69f470f85466b\").attr('href', new_url);\r\n                \/\/console.log(new_url);\r\n            }\r\n        });\r\n    });\r\n    \/* ]]> *\/\r\n    <\/script><br \/>\n<a id=\"69f470f854692\" rel=\"wp-video-lightbox\" href=\"https:\/\/www.youtube.com\/watch?v=mTMpa85aAdg&#038;rel=0&#038;width=1280&#038;height=720\" title=\"\">02-04 {5:13} Regiony i obszar<\/a>    <script>\r\n    \/* <![CDATA[ *\/\r\n    jQuery(document).ready(function($){\r\n        $(function(){\r\n            var width = $(window).innerWidth();\r\n            var setwidth = parseFloat(1280);\r\n            var ratio = parseFloat(0.5625);\r\n            var height = parseFloat(720);\r\n            var link = 'https:\/\/www.youtube.com\/watch?v=mTMpa85aAdg&amp;rel=0&amp;width=1280&amp;height=720';\r\n            if(width < setwidth)\r\n            {\r\n                height = Math.floor(width * 0.5625);\r\n                \/\/console.log(\"device width \"+width+\", set width \"+1280+\", ratio \"+0.5625+\", new height \"+ height);\r\n                var new_url = wpvl_paramReplace('width', link, width);\r\n                var new_url = wpvl_paramReplace('height', new_url, height);\r\n                $(\"a#69f470f854692\").attr('href', new_url);\r\n                \/\/console.log(new_url);\r\n            }\r\n        });\r\n    });\r\n    \/* ]]> *\/\r\n    <\/script><\/p>\n<a id=\"69f470f8546b7\" rel=\"wp-video-lightbox\" href=\"https:\/\/www.youtube.com\/watch?v=e1KLb5uC1gc&#038;rel=0&#038;width=1366&#038;height=768\" title=\"\">m5-01en {2:34} Test wersji EN SWF-MP4: 1366x768<\/a>    <script>\r\n    \/* <![CDATA[ *\/\r\n    jQuery(document).ready(function($){\r\n        $(function(){\r\n            var width = $(window).innerWidth();\r\n            var setwidth = parseFloat(1366);\r\n            var ratio = parseFloat(0.56222547584187);\r\n            var height = parseFloat(768);\r\n            var link = 'https:\/\/www.youtube.com\/watch?v=e1KLb5uC1gc&amp;rel=0&amp;width=1366&amp;height=768';\r\n            if(width < setwidth)\r\n            {\r\n                height = Math.floor(width * 0.56222547584187);\r\n                \/\/console.log(\"device width \"+width+\", set width \"+1366+\", ratio \"+0.56222547584187+\", new height \"+ height);\r\n                var new_url = wpvl_paramReplace('width', link, width);\r\n                var new_url = wpvl_paramReplace('height', new_url, height);\r\n                $(\"a#69f470f8546b7\").attr('href', new_url);\r\n                \/\/console.log(new_url);\r\n            }\r\n        });\r\n    });\r\n    \/* ]]> *\/\r\n    <\/script>\n","protected":false},"excerpt":{"rendered":"<p>First things first czyli podstawy pracy w Prime&#8230; Program PTC MathCAD Prime 3.0 mo\u017ce by\u0107 uruchamiany w pe\u0142nej, licencjonowanej wersji komercyjnej b\u0105d\u017a te\u017c w nieodp\u0142atnej wersji Express o nieco ograniczonych mo\u017cliwo\u015bciach i funkcjonalno\u015bciach. Wersja Express nie ma takich element\u00f3w jak: szablony, zaawansowane funkcje obliczeniowe, blok rozwi\u0105zywania uk\u0142ad\u00f3w r\u00f3wna\u0144, programowanie, obliczenia symboliczne, integracja z arkuszem kalkulacyjnym &hellip; <\/p>\n<p class=\"link-more\"><a href=\"https:\/\/www.prime.il.pw.edu.pl\/?page_id=16\" class=\"more-link\">Czytaj dalej<span class=\"screen-reader-text\"> \u201ePodstawy pracy\u201d<\/span><\/a><\/p>\n","protected":false},"author":1,"featured_media":0,"parent":13,"menu_order":0,"comment_status":"open","ping_status":"open","template":"","meta":{"_exactmetrics_skip_tracking":false,"_exactmetrics_sitenote_active":false,"_exactmetrics_sitenote_note":"","_exactmetrics_sitenote_category":0,"footnotes":""},"_links":{"self":[{"href":"https:\/\/www.prime.il.pw.edu.pl\/index.php?rest_route=\/wp\/v2\/pages\/16"}],"collection":[{"href":"https:\/\/www.prime.il.pw.edu.pl\/index.php?rest_route=\/wp\/v2\/pages"}],"about":[{"href":"https:\/\/www.prime.il.pw.edu.pl\/index.php?rest_route=\/wp\/v2\/types\/page"}],"author":[{"embeddable":true,"href":"https:\/\/www.prime.il.pw.edu.pl\/index.php?rest_route=\/wp\/v2\/users\/1"}],"replies":[{"embeddable":true,"href":"https:\/\/www.prime.il.pw.edu.pl\/index.php?rest_route=%2Fwp%2Fv2%2Fcomments&post=16"}],"version-history":[{"count":16,"href":"https:\/\/www.prime.il.pw.edu.pl\/index.php?rest_route=\/wp\/v2\/pages\/16\/revisions"}],"predecessor-version":[{"id":695,"href":"https:\/\/www.prime.il.pw.edu.pl\/index.php?rest_route=\/wp\/v2\/pages\/16\/revisions\/695"}],"up":[{"embeddable":true,"href":"https:\/\/www.prime.il.pw.edu.pl\/index.php?rest_route=\/wp\/v2\/pages\/13"}],"wp:attachment":[{"href":"https:\/\/www.prime.il.pw.edu.pl\/index.php?rest_route=%2Fwp%2Fv2%2Fmedia&parent=16"}],"curies":[{"name":"wp","href":"https:\/\/api.w.org\/{rel}","templated":true}]}}