{"id":177,"date":"2014-09-11T12:34:16","date_gmt":"2014-09-11T10:34:16","guid":{"rendered":"http:\/\/www.prime.il.pw.edu.pl\/?page_id=177"},"modified":"2015-01-05T10:19:13","modified_gmt":"2015-01-05T09:19:13","slug":"errata","status":"publish","type":"page","link":"https:\/\/www.prime.il.pw.edu.pl\/?page_id=177","title":{"rendered":"Erracie"},"content":{"rendered":"<p>Jedno z praw Murphy&#8217;ego stanowi: w ka\u017cdym programie (d\u0142u\u017cszym ni\u017c 100 linijek) jest jeszcze jeden b\u0142\u0105d. W ka\u017cdej ksi\u0105\u017cce, mimo stara\u0144 autor\u00f3w, redaktor\u00f3w, korektor\u00f3w tak\u017ce zdarzaj\u0105 si\u0119 b\u0142\u0119dy. Dlatego te\u017c prosz\u0119 o informacje o zauwa\u017conych w ksi\u0105\u017cce b\u0142\u0119dach. Wszystkie one zostan\u0105 poprawione w erracie, kt\u00f3ra jest do pobrania poni\u017cej.<\/p>\n<p><a href=\"http:\/\/www.prime.il.pw.edu.pl\/wp-content\/uploads\/2014\/09\/errata.pdf\">Errata<\/a><\/p>\n","protected":false},"excerpt":{"rendered":"<p>Jedno z praw Murphy&#8217;ego stanowi: w ka\u017cdym programie (d\u0142u\u017cszym ni\u017c 100 linijek) jest jeszcze jeden b\u0142\u0105d. W ka\u017cdej ksi\u0105\u017cce, mimo stara\u0144 autor\u00f3w, redaktor\u00f3w, korektor\u00f3w tak\u017ce zdarzaj\u0105 si\u0119 b\u0142\u0119dy. Dlatego te\u017c prosz\u0119 o informacje o zauwa\u017conych w ksi\u0105\u017cce b\u0142\u0119dach. Wszystkie one zostan\u0105 poprawione w erracie, kt\u00f3ra jest do pobrania poni\u017cej. Errata<\/p>\n","protected":false},"author":1,"featured_media":0,"parent":4,"menu_order":2,"comment_status":"open","ping_status":"open","template":"","meta":{"_exactmetrics_skip_tracking":false,"_exactmetrics_sitenote_active":false,"_exactmetrics_sitenote_note":"","_exactmetrics_sitenote_category":0,"footnotes":""},"_links":{"self":[{"href":"https:\/\/www.prime.il.pw.edu.pl\/index.php?rest_route=\/wp\/v2\/pages\/177"}],"collection":[{"href":"https:\/\/www.prime.il.pw.edu.pl\/index.php?rest_route=\/wp\/v2\/pages"}],"about":[{"href":"https:\/\/www.prime.il.pw.edu.pl\/index.php?rest_route=\/wp\/v2\/types\/page"}],"author":[{"embeddable":true,"href":"https:\/\/www.prime.il.pw.edu.pl\/index.php?rest_route=\/wp\/v2\/users\/1"}],"replies":[{"embeddable":true,"href":"https:\/\/www.prime.il.pw.edu.pl\/index.php?rest_route=%2Fwp%2Fv2%2Fcomments&post=177"}],"version-history":[{"count":2,"href":"https:\/\/www.prime.il.pw.edu.pl\/index.php?rest_route=\/wp\/v2\/pages\/177\/revisions"}],"predecessor-version":[{"id":183,"href":"https:\/\/www.prime.il.pw.edu.pl\/index.php?rest_route=\/wp\/v2\/pages\/177\/revisions\/183"}],"up":[{"embeddable":true,"href":"https:\/\/www.prime.il.pw.edu.pl\/index.php?rest_route=\/wp\/v2\/pages\/4"}],"wp:attachment":[{"href":"https:\/\/www.prime.il.pw.edu.pl\/index.php?rest_route=%2Fwp%2Fv2%2Fmedia&parent=177"}],"curies":[{"name":"wp","href":"https:\/\/api.w.org\/{rel}","templated":true}]}}