{"id":190,"date":"2014-09-11T18:08:18","date_gmt":"2014-09-11T16:08:18","guid":{"rendered":"http:\/\/www.prime.il.pw.edu.pl\/?page_id=190"},"modified":"2015-12-30T10:06:31","modified_gmt":"2015-12-30T09:06:31","slug":"ciagi-i-szeregi","status":"publish","type":"page","link":"https:\/\/www.prime.il.pw.edu.pl\/?page_id=190","title":{"rendered":"Algorytmika i programowanie"},"content":{"rendered":"<p>W tym miejscu s\u0105 najprostsze zadania obejmuj\u0105ce operacje na wektorach i ich wyrazach oraz sumowanie ci\u0105g\u00f3w liczbowych. <\/p>\n<p><a id=\"69f945544a1a4\" rel=\"wp-video-lightbox\" href=\"https:\/\/www.youtube.com\/watch?v=oHa8EKsU3RU&#038;rel=0&#038;width=1280&#038;height=720\" title=\"\">10-01 Wyrazy wektora mniejsze ni\u017c...<\/a>    <script>\r\n    \/* <![CDATA[ *\/\r\n    jQuery(document).ready(function($){\r\n        $(function(){\r\n            var width = $(window).innerWidth();\r\n            var setwidth = parseFloat(1280);\r\n            var ratio = parseFloat(0.5625);\r\n            var height = parseFloat(720);\r\n            var link = 'https:\/\/www.youtube.com\/watch?v=oHa8EKsU3RU&amp;rel=0&amp;width=1280&amp;height=720';\r\n            if(width < setwidth)\r\n            {\r\n                height = Math.floor(width * 0.5625);\r\n                \/\/console.log(\"device width \"+width+\", set width \"+1280+\", ratio \"+0.5625+\", new height \"+ height);\r\n                var new_url = wpvl_paramReplace('width', link, width);\r\n                var new_url = wpvl_paramReplace('height', new_url, height);\r\n                $(\"a#69f945544a1a4\").attr('href', new_url);\r\n                \/\/console.log(new_url);\r\n            }\r\n        });\r\n    });\r\n    \/* ]]> *\/\r\n    <\/script><br \/>\n<a id=\"69f945544a22d\" rel=\"wp-video-lightbox\" href=\"https:\/\/www.youtube.com\/watch?v=T_mNaqSe9t0&#038;rel=0&#038;width=1280&#038;height=720\" title=\"\">10-02 Sumowanie wyraz\u00f3w ci\u0105gu liczbowego<\/a>    <script>\r\n    \/* <![CDATA[ *\/\r\n    jQuery(document).ready(function($){\r\n        $(function(){\r\n            var width = $(window).innerWidth();\r\n            var setwidth = parseFloat(1280);\r\n            var ratio = parseFloat(0.5625);\r\n            var height = parseFloat(720);\r\n            var link = 'https:\/\/www.youtube.com\/watch?v=T_mNaqSe9t0&amp;rel=0&amp;width=1280&amp;height=720';\r\n            if(width < setwidth)\r\n            {\r\n                height = Math.floor(width * 0.5625);\r\n                \/\/console.log(\"device width \"+width+\", set width \"+1280+\", ratio \"+0.5625+\", new height \"+ height);\r\n                var new_url = wpvl_paramReplace('width', link, width);\r\n                var new_url = wpvl_paramReplace('height', new_url, height);\r\n                $(\"a#69f945544a22d\").attr('href', new_url);\r\n                \/\/console.log(new_url);\r\n            }\r\n        });\r\n    });\r\n    \/* ]]> *\/\r\n    <\/script><br \/>\n<a id=\"69f945544a266\" rel=\"wp-video-lightbox\" href=\"https:\/\/www.youtube.com\/watch?v=ViBs7nrVTVI&#038;rel=0&#038;width=1280&#038;height=720\" title=\"\">10-03 Rozwijanie funkcji sinus w szereg pot\u0119gowy<\/a>    <script>\r\n    \/* <![CDATA[ *\/\r\n    jQuery(document).ready(function($){\r\n        $(function(){\r\n            var width = $(window).innerWidth();\r\n            var setwidth = parseFloat(1280);\r\n            var ratio = parseFloat(0.5625);\r\n            var height = parseFloat(720);\r\n            var link = 'https:\/\/www.youtube.com\/watch?v=ViBs7nrVTVI&amp;rel=0&amp;width=1280&amp;height=720';\r\n            if(width < setwidth)\r\n            {\r\n                height = Math.floor(width * 0.5625);\r\n                \/\/console.log(\"device width \"+width+\", set width \"+1280+\", ratio \"+0.5625+\", new height \"+ height);\r\n                var new_url = wpvl_paramReplace('width', link, width);\r\n                var new_url = wpvl_paramReplace('height', new_url, height);\r\n                $(\"a#69f945544a266\").attr('href', new_url);\r\n                \/\/console.log(new_url);\r\n            }\r\n        });\r\n    });\r\n    \/* ]]> *\/\r\n    <\/script><br \/>\n<a id=\"69f945544a291\" rel=\"wp-video-lightbox\" href=\"https:\/\/www.youtube.com\/watch?v=MrNwjzOs4To&#038;rel=0&#038;width=1280&#038;height=720\" title=\"\">10-04 wyznaczanie pierwiastka - metoda babilo\u0144ska<\/a>    <script>\r\n    \/* <![CDATA[ *\/\r\n    jQuery(document).ready(function($){\r\n        $(function(){\r\n            var width = $(window).innerWidth();\r\n            var setwidth = parseFloat(1280);\r\n            var ratio = parseFloat(0.5625);\r\n            var height = parseFloat(720);\r\n            var link = 'https:\/\/www.youtube.com\/watch?v=MrNwjzOs4To&amp;rel=0&amp;width=1280&amp;height=720';\r\n            if(width < setwidth)\r\n            {\r\n                height = Math.floor(width * 0.5625);\r\n                \/\/console.log(\"device width \"+width+\", set width \"+1280+\", ratio \"+0.5625+\", new height \"+ height);\r\n                var new_url = wpvl_paramReplace('width', link, width);\r\n                var new_url = wpvl_paramReplace('height', new_url, height);\r\n                $(\"a#69f945544a291\").attr('href', new_url);\r\n                \/\/console.log(new_url);\r\n            }\r\n        });\r\n    });\r\n    \/* ]]> *\/\r\n    <\/script><\/p>\n","protected":false},"excerpt":{"rendered":"<p>W tym miejscu s\u0105 najprostsze zadania obejmuj\u0105ce operacje na wektorach i ich wyrazach oraz sumowanie ci\u0105g\u00f3w liczbowych.<\/p>\n","protected":false},"author":1,"featured_media":0,"parent":74,"menu_order":0,"comment_status":"open","ping_status":"open","template":"","meta":{"_exactmetrics_skip_tracking":false,"_exactmetrics_sitenote_active":false,"_exactmetrics_sitenote_note":"","_exactmetrics_sitenote_category":0,"footnotes":""},"_links":{"self":[{"href":"https:\/\/www.prime.il.pw.edu.pl\/index.php?rest_route=\/wp\/v2\/pages\/190"}],"collection":[{"href":"https:\/\/www.prime.il.pw.edu.pl\/index.php?rest_route=\/wp\/v2\/pages"}],"about":[{"href":"https:\/\/www.prime.il.pw.edu.pl\/index.php?rest_route=\/wp\/v2\/types\/page"}],"author":[{"embeddable":true,"href":"https:\/\/www.prime.il.pw.edu.pl\/index.php?rest_route=\/wp\/v2\/users\/1"}],"replies":[{"embeddable":true,"href":"https:\/\/www.prime.il.pw.edu.pl\/index.php?rest_route=%2Fwp%2Fv2%2Fcomments&post=190"}],"version-history":[{"count":12,"href":"https:\/\/www.prime.il.pw.edu.pl\/index.php?rest_route=\/wp\/v2\/pages\/190\/revisions"}],"predecessor-version":[{"id":677,"href":"https:\/\/www.prime.il.pw.edu.pl\/index.php?rest_route=\/wp\/v2\/pages\/190\/revisions\/677"}],"up":[{"embeddable":true,"href":"https:\/\/www.prime.il.pw.edu.pl\/index.php?rest_route=\/wp\/v2\/pages\/74"}],"wp:attachment":[{"href":"https:\/\/www.prime.il.pw.edu.pl\/index.php?rest_route=%2Fwp%2Fv2%2Fmedia&parent=190"}],"curies":[{"name":"wp","href":"https:\/\/api.w.org\/{rel}","templated":true}]}}