{"id":23,"date":"2014-07-16T07:50:07","date_gmt":"2014-07-16T05:50:07","guid":{"rendered":"http:\/\/www.prime.il.pw.edu.pl\/?page_id=23"},"modified":"2015-01-07T12:24:04","modified_gmt":"2015-01-07T11:24:04","slug":"autorach","status":"publish","type":"page","link":"https:\/\/www.prime.il.pw.edu.pl\/?page_id=23","title":{"rendered":"Ksi\u0105\u017cce"},"content":{"rendered":"<p>MathCAD jest elementem programu studi\u00f3w na Wydziale In\u017cynierskim Politechniki Warszawskiej od prawie 25 lat. Od bie\u017c\u0105cego roku akademickiego 2014\/2015 b\u0119dzie wykorzystywana jego wersja Prime 3.0, gdy\u017c wersja MathCAD 15.0 ju\u017c od kilku dobrych lat nie jest rozwijana a jedynie konserwowana. Te fakty stanowi\u0142y motywacj\u0119 dla powstania tej ksi\u0105\u017cki, kt\u00f3ra jest adresowana do uczni\u00f3w szk\u00f3\u0142 \u015brednich, student\u00f3w oraz in\u017cynier\u00f3w i naukowc\u00f3w wykonuj\u0105cych obliczenia zar\u00f3wno numeryczne jak i symboliczne. Niniejszy portal jest pomy\u015blany jako uzupe\u0142nienie tej ksi\u0105\u017cki. Zwyczajem dobrych wydawnictw zachodnich portal towarzysz\u0105cy ksi\u0105\u017cce obs\u0142uguje wydawca. U nas wiele spraw wygl\u0105da zupe\u0142nie inaczej, tak\u017ce i to. Ten portal prowadzi jeden czyli pierwszy z autor\u00f3w tej ksi\u0105\u017cki. Druga z r\u00f3\u017cnic, mi\u0142a dla czytelnik\u00f3w, to fakt, \u017ce realizuje on praktycznie ide\u0119 Otwartych Zasob\u00f3w Edukacyjnych. Otwartych tak\u017ce pod wzgl\u0119dem finansowym czyli nieodp\u0142atnych.<br \/>\n<a href=\"http:\/\/www.prime.il.pw.edu.pl\/wp-content\/uploads\/2014\/07\/spis01.png\"><img loading=\"lazy\" decoding=\"async\" src=\"http:\/\/www.prime.il.pw.edu.pl\/wp-content\/uploads\/2014\/07\/spis01.png\" alt=\"spis01\" width=\"690\" height=\"920\" class=\"aligncenter size-full wp-image-424\" \/><\/a><br \/>\n<a href=\"http:\/\/www.prime.il.pw.edu.pl\/wp-content\/uploads\/2014\/07\/spis02.png\"><img loading=\"lazy\" decoding=\"async\" src=\"http:\/\/www.prime.il.pw.edu.pl\/wp-content\/uploads\/2014\/07\/spis02.png\" alt=\"spis02\" width=\"690\" height=\"920\" class=\"aligncenter size-full wp-image-425\" \/><\/a><br \/>\n<a href=\"http:\/\/www.prime.il.pw.edu.pl\/wp-content\/uploads\/2014\/07\/spis03.png\"><img loading=\"lazy\" decoding=\"async\" src=\"http:\/\/www.prime.il.pw.edu.pl\/wp-content\/uploads\/2014\/07\/spis03.png\" alt=\"spis03\" width=\"690\" height=\"920\" class=\"aligncenter size-full wp-image-426\" \/><\/a><br \/>\n<a href=\"http:\/\/www.prime.il.pw.edu.pl\/wp-content\/uploads\/2014\/07\/spis04.png\"><img loading=\"lazy\" decoding=\"async\" src=\"http:\/\/www.prime.il.pw.edu.pl\/wp-content\/uploads\/2014\/07\/spis04.png\" alt=\"spis04\" width=\"690\" height=\"920\" class=\"aligncenter size-full wp-image-427\" \/><\/a><br \/>\n<a href=\"http:\/\/www.prime.il.pw.edu.pl\/wp-content\/uploads\/2014\/07\/spis05.png\"><img loading=\"lazy\" decoding=\"async\" src=\"http:\/\/www.prime.il.pw.edu.pl\/wp-content\/uploads\/2014\/07\/spis05.png\" alt=\"spis05\" width=\"690\" height=\"920\" class=\"aligncenter size-full wp-image-428\" \/><\/a><br \/>\n<a href=\"http:\/\/www.prime.il.pw.edu.pl\/wp-content\/uploads\/2014\/07\/spis06.png\"><img loading=\"lazy\" decoding=\"async\" src=\"http:\/\/www.prime.il.pw.edu.pl\/wp-content\/uploads\/2014\/07\/spis06.png\" alt=\"spis06\" width=\"690\" height=\"920\" class=\"aligncenter size-full wp-image-429\" \/><\/a><\/p>\n","protected":false},"excerpt":{"rendered":"<p>MathCAD jest elementem programu studi\u00f3w na Wydziale In\u017cynierskim Politechniki Warszawskiej od prawie 25 lat. Od bie\u017c\u0105cego roku akademickiego 2014\/2015 b\u0119dzie wykorzystywana jego wersja Prime 3.0, gdy\u017c wersja MathCAD 15.0 ju\u017c od kilku dobrych lat nie jest rozwijana a jedynie konserwowana. Te fakty stanowi\u0142y motywacj\u0119 dla powstania tej ksi\u0105\u017cki, kt\u00f3ra jest adresowana do uczni\u00f3w szk\u00f3\u0142 \u015brednich, &hellip; <\/p>\n<p class=\"link-more\"><a href=\"https:\/\/www.prime.il.pw.edu.pl\/?page_id=23\" class=\"more-link\">Czytaj dalej<span class=\"screen-reader-text\"> \u201eKsi\u0105\u017cce\u201d<\/span><\/a><\/p>\n","protected":false},"author":1,"featured_media":0,"parent":4,"menu_order":1,"comment_status":"open","ping_status":"open","template":"","meta":{"_exactmetrics_skip_tracking":false,"_exactmetrics_sitenote_active":false,"_exactmetrics_sitenote_note":"","_exactmetrics_sitenote_category":0,"footnotes":""},"_links":{"self":[{"href":"https:\/\/www.prime.il.pw.edu.pl\/index.php?rest_route=\/wp\/v2\/pages\/23"}],"collection":[{"href":"https:\/\/www.prime.il.pw.edu.pl\/index.php?rest_route=\/wp\/v2\/pages"}],"about":[{"href":"https:\/\/www.prime.il.pw.edu.pl\/index.php?rest_route=\/wp\/v2\/types\/page"}],"author":[{"embeddable":true,"href":"https:\/\/www.prime.il.pw.edu.pl\/index.php?rest_route=\/wp\/v2\/users\/1"}],"replies":[{"embeddable":true,"href":"https:\/\/www.prime.il.pw.edu.pl\/index.php?rest_route=%2Fwp%2Fv2%2Fcomments&post=23"}],"version-history":[{"count":7,"href":"https:\/\/www.prime.il.pw.edu.pl\/index.php?rest_route=\/wp\/v2\/pages\/23\/revisions"}],"predecessor-version":[{"id":95,"href":"https:\/\/www.prime.il.pw.edu.pl\/index.php?rest_route=\/wp\/v2\/pages\/23\/revisions\/95"}],"up":[{"embeddable":true,"href":"https:\/\/www.prime.il.pw.edu.pl\/index.php?rest_route=\/wp\/v2\/pages\/4"}],"wp:attachment":[{"href":"https:\/\/www.prime.il.pw.edu.pl\/index.php?rest_route=%2Fwp%2Fv2%2Fmedia&parent=23"}],"curies":[{"name":"wp","href":"https:\/\/api.w.org\/{rel}","templated":true}]}}