{"id":25,"date":"2014-07-16T07:50:58","date_gmt":"2014-07-16T05:50:58","guid":{"rendered":"http:\/\/www.prime.il.pw.edu.pl\/?page_id=25"},"modified":"2014-09-11T16:13:01","modified_gmt":"2014-09-11T14:13:01","slug":"pliki-ptc","status":"publish","type":"page","link":"https:\/\/www.prime.il.pw.edu.pl\/?page_id=25","title":{"rendered":"Pliki PTC"},"content":{"rendered":"<p>Portal producenta programu, czyli ptc.com jest kopalni\u0105 ro\u017cnych materia\u0142\u00f3w najcz\u0119\u015bciej w postaci plik\u00f3w programu MathCAD Prime. Jak to jednak bywa nie zawsze nawigacja jest dla wszystkich wystarczaj\u0105co przyjazna, dlatego te\u017c podaj\u0119 poni\u017cej bezpo\u015brednie linki.<br \/>\n<a title=\"PTC MathCAD Resources\" href=\"http:\/\/www.ptc.com\/product\/mathcad\/resources\" target=\"_blank\">PTC MathCAD Resources<\/a><br \/>\n<a title=\"Free Worksheets\" href=\"http:\/\/communities.ptc.com\/docs\/DOC-3621\" target=\"_blank\">Free Worksheets<\/a><br \/>\n<a title=\"Video Tutorials\" href=\"http:\/\/learningexchange.ptc.com\/tutorials\/by_product\/product_id:4\" target=\"_blank\">Video Tutorials<\/a><br \/>\n<a title=\"Webcasts\" href=\"http:\/\/support.ptc.com\/appserver\/wcms\/events\/series.jsp?&amp;im_dbkey=152408&amp;icg_dbkey=141\" target=\"_blank\">Webcasts<\/a><br \/>\n<a title=\"Community\" href=\"http:\/\/communities.ptc.com\/community\/mathcad\" target=\"_blank\">Community<\/a><\/p>\n","protected":false},"excerpt":{"rendered":"<p>Portal producenta programu, czyli ptc.com jest kopalni\u0105 ro\u017cnych materia\u0142\u00f3w najcz\u0119\u015bciej w postaci plik\u00f3w programu MathCAD Prime. Jak to jednak bywa nie zawsze nawigacja jest dla wszystkich wystarczaj\u0105co przyjazna, dlatego te\u017c podaj\u0119 poni\u017cej bezpo\u015brednie linki. PTC MathCAD Resources Free Worksheets Video Tutorials Webcasts Community<\/p>\n","protected":false},"author":1,"featured_media":0,"parent":7,"menu_order":0,"comment_status":"open","ping_status":"open","template":"","meta":{"_exactmetrics_skip_tracking":false,"_exactmetrics_sitenote_active":false,"_exactmetrics_sitenote_note":"","_exactmetrics_sitenote_category":0,"footnotes":""},"_links":{"self":[{"href":"https:\/\/www.prime.il.pw.edu.pl\/index.php?rest_route=\/wp\/v2\/pages\/25"}],"collection":[{"href":"https:\/\/www.prime.il.pw.edu.pl\/index.php?rest_route=\/wp\/v2\/pages"}],"about":[{"href":"https:\/\/www.prime.il.pw.edu.pl\/index.php?rest_route=\/wp\/v2\/types\/page"}],"author":[{"embeddable":true,"href":"https:\/\/www.prime.il.pw.edu.pl\/index.php?rest_route=\/wp\/v2\/users\/1"}],"replies":[{"embeddable":true,"href":"https:\/\/www.prime.il.pw.edu.pl\/index.php?rest_route=%2Fwp%2Fv2%2Fcomments&post=25"}],"version-history":[{"count":3,"href":"https:\/\/www.prime.il.pw.edu.pl\/index.php?rest_route=\/wp\/v2\/pages\/25\/revisions"}],"predecessor-version":[{"id":185,"href":"https:\/\/www.prime.il.pw.edu.pl\/index.php?rest_route=\/wp\/v2\/pages\/25\/revisions\/185"}],"up":[{"embeddable":true,"href":"https:\/\/www.prime.il.pw.edu.pl\/index.php?rest_route=\/wp\/v2\/pages\/7"}],"wp:attachment":[{"href":"https:\/\/www.prime.il.pw.edu.pl\/index.php?rest_route=%2Fwp%2Fv2%2Fmedia&parent=25"}],"curies":[{"name":"wp","href":"https:\/\/api.w.org\/{rel}","templated":true}]}}