{"id":27,"date":"2014-07-16T07:52:22","date_gmt":"2014-07-16T05:52:22","guid":{"rendered":"http:\/\/www.prime.il.pw.edu.pl\/?page_id=27"},"modified":"2015-12-28T19:35:10","modified_gmt":"2015-12-28T18:35:10","slug":"liczby","status":"publish","type":"page","link":"https:\/\/www.prime.il.pw.edu.pl\/?page_id=27","title":{"rendered":"Arytmetyka komputerowa"},"content":{"rendered":"<p><strong>Liczby<\/strong> to jedno z najcz\u0119\u015bciej u\u017cywanych w matematyce poj\u0119\u0107 abstrakcyjnych. Pierwotnie s\u0142u\u017cy\u0142y do por\u00f3wnywania wielko\u015bci (liczebno\u015bci) zbior\u00f3w \u2013 by\u0142y to liczby naturalne. P\u00f3\u017aniej s\u0142u\u017cy\u0142y tak\u017ce do por\u00f3wnywania wielko\u015bci ci\u0105g\u0142ych takich jak miary i wagi. We wsp\u00f3\u0142czesnej matematyce s\u0105 traktowane jako twory abstrakcyjne, oderwane od konkretnych zastosowa\u0144 [12]. Liczby naturalne, kt\u00f3re maj\u0105 bezpo\u015bredni zwi\u0105zek z procesem liczenia, s\u0105 jednym z podstawowych poj\u0119\u0107 matematyki.<br \/>\n<strong>Arytmetyka<\/strong> to jedna z najstarszych ga\u0142\u0119zi matematyki. Obiegowo s\u0142owo to odnosi si\u0119 do zasad opisuj\u0105cych podstawowe dzia\u0142ania na liczbach. Arytmetyka zajmuje si\u0119 ponadto metodami reprezentowania liczb, wykonywania na nich dzia\u0142a\u0144 oraz ich w\u0142a\u015bciwo\u015bciami. Cztery podstawowe dzia\u0142ania arytmetyczne to: dodawanie, odejmowanie, mno\u017cenie i dzielenie. S\u0105 to dzia\u0142ania dwuargumentowe, kt\u00f3re dw\u00f3m argumentom przyporz\u0105dkowuj\u0105 wynik dzia\u0142ania. <\/p>\n","protected":false},"excerpt":{"rendered":"<p>Liczby to jedno z najcz\u0119\u015bciej u\u017cywanych w matematyce poj\u0119\u0107 abstrakcyjnych. Pierwotnie s\u0142u\u017cy\u0142y do por\u00f3wnywania wielko\u015bci (liczebno\u015bci) zbior\u00f3w \u2013 by\u0142y to liczby naturalne. P\u00f3\u017aniej s\u0142u\u017cy\u0142y tak\u017ce do por\u00f3wnywania wielko\u015bci ci\u0105g\u0142ych takich jak miary i wagi. We wsp\u00f3\u0142czesnej matematyce s\u0105 traktowane jako twory abstrakcyjne, oderwane od konkretnych zastosowa\u0144 [12]. Liczby naturalne, kt\u00f3re maj\u0105 bezpo\u015bredni zwi\u0105zek z procesem &hellip; <\/p>\n<p class=\"link-more\"><a href=\"https:\/\/www.prime.il.pw.edu.pl\/?page_id=27\" class=\"more-link\">Czytaj dalej<span class=\"screen-reader-text\"> \u201eArytmetyka komputerowa\u201d<\/span><\/a><\/p>\n","protected":false},"author":1,"featured_media":0,"parent":10,"menu_order":0,"comment_status":"open","ping_status":"open","template":"","meta":{"_exactmetrics_skip_tracking":false,"_exactmetrics_sitenote_active":false,"_exactmetrics_sitenote_note":"","_exactmetrics_sitenote_category":0,"footnotes":""},"_links":{"self":[{"href":"https:\/\/www.prime.il.pw.edu.pl\/index.php?rest_route=\/wp\/v2\/pages\/27"}],"collection":[{"href":"https:\/\/www.prime.il.pw.edu.pl\/index.php?rest_route=\/wp\/v2\/pages"}],"about":[{"href":"https:\/\/www.prime.il.pw.edu.pl\/index.php?rest_route=\/wp\/v2\/types\/page"}],"author":[{"embeddable":true,"href":"https:\/\/www.prime.il.pw.edu.pl\/index.php?rest_route=\/wp\/v2\/users\/1"}],"replies":[{"embeddable":true,"href":"https:\/\/www.prime.il.pw.edu.pl\/index.php?rest_route=%2Fwp%2Fv2%2Fcomments&post=27"}],"version-history":[{"count":3,"href":"https:\/\/www.prime.il.pw.edu.pl\/index.php?rest_route=\/wp\/v2\/pages\/27\/revisions"}],"predecessor-version":[{"id":621,"href":"https:\/\/www.prime.il.pw.edu.pl\/index.php?rest_route=\/wp\/v2\/pages\/27\/revisions\/621"}],"up":[{"embeddable":true,"href":"https:\/\/www.prime.il.pw.edu.pl\/index.php?rest_route=\/wp\/v2\/pages\/10"}],"wp:attachment":[{"href":"https:\/\/www.prime.il.pw.edu.pl\/index.php?rest_route=%2Fwp%2Fv2%2Fmedia&parent=27"}],"curies":[{"name":"wp","href":"https:\/\/api.w.org\/{rel}","templated":true}]}}