{"id":32,"date":"2014-07-16T08:35:15","date_gmt":"2014-07-16T06:35:15","guid":{"rendered":"http:\/\/www.prime.il.pw.edu.pl\/?page_id=32"},"modified":"2020-07-02T18:31:58","modified_gmt":"2020-07-02T16:31:58","slug":"03-2","status":"publish","type":"page","link":"https:\/\/www.prime.il.pw.edu.pl\/?page_id=32","title":{"rendered":"3"},"content":{"rendered":"<p><strong>Zasady oblicze\u0144 numerycznych<\/strong><\/p>\n<p>3. Zasady oblicze\u0144 numerycznych . 41<br \/>\n3.1. Identyfikatory i etykiety . 41<br \/>\n3.2. Definiowanie zmiennych . 43<br \/>\n3.3. Definiowanie funkcji . 44<br \/>\n3.4. Jednostki . 45<br \/>\n3.5. Zmienne zakresowe . 46<br \/>\n3.6. Elementy rachunku r\u00f3\u017cniczkowego i ca\u0142kowego . 47<br \/>\n3.7. Wyra\u017cenia logiczne . 48<br \/>\n3.8. Wykresy 2D . 49<br \/>\n3.8.1. Wykresy sparametryzowane . 54<br \/>\n3.8.2. Miejsca zerowe funkcji . 55<br \/>\n3.9. Zadania . 56<\/p>\n","protected":false},"excerpt":{"rendered":"<p>Zasady oblicze\u0144 numerycznych 3. Zasady oblicze\u0144 numerycznych . 41 3.1. Identyfikatory i etykiety . 41 3.2. Definiowanie zmiennych . 43 3.3. Definiowanie funkcji . 44 3.4. Jednostki . 45 3.5. Zmienne zakresowe . 46 3.6. Elementy rachunku r\u00f3\u017cniczkowego i ca\u0142kowego . 47 3.7. Wyra\u017cenia logiczne . 48 3.8. Wykresy 2D . 49 3.8.1. Wykresy sparametryzowane &hellip; <\/p>\n<p class=\"link-more\"><a href=\"https:\/\/www.prime.il.pw.edu.pl\/?page_id=32\" class=\"more-link\">Czytaj dalej<span class=\"screen-reader-text\"> \u201e3\u201d<\/span><\/a><\/p>\n","protected":false},"author":1,"featured_media":0,"parent":0,"menu_order":0,"comment_status":"open","ping_status":"open","template":"","meta":{"_exactmetrics_skip_tracking":false,"_exactmetrics_sitenote_active":false,"_exactmetrics_sitenote_note":"","_exactmetrics_sitenote_category":0,"footnotes":""},"_links":{"self":[{"href":"https:\/\/www.prime.il.pw.edu.pl\/index.php?rest_route=\/wp\/v2\/pages\/32"}],"collection":[{"href":"https:\/\/www.prime.il.pw.edu.pl\/index.php?rest_route=\/wp\/v2\/pages"}],"about":[{"href":"https:\/\/www.prime.il.pw.edu.pl\/index.php?rest_route=\/wp\/v2\/types\/page"}],"author":[{"embeddable":true,"href":"https:\/\/www.prime.il.pw.edu.pl\/index.php?rest_route=\/wp\/v2\/users\/1"}],"replies":[{"embeddable":true,"href":"https:\/\/www.prime.il.pw.edu.pl\/index.php?rest_route=%2Fwp%2Fv2%2Fcomments&post=32"}],"version-history":[{"count":4,"href":"https:\/\/www.prime.il.pw.edu.pl\/index.php?rest_route=\/wp\/v2\/pages\/32\/revisions"}],"predecessor-version":[{"id":576,"href":"https:\/\/www.prime.il.pw.edu.pl\/index.php?rest_route=\/wp\/v2\/pages\/32\/revisions\/576"}],"wp:attachment":[{"href":"https:\/\/www.prime.il.pw.edu.pl\/index.php?rest_route=%2Fwp%2Fv2%2Fmedia&parent=32"}],"curies":[{"name":"wp","href":"https:\/\/api.w.org\/{rel}","templated":true}]}}