{"id":350,"date":"2015-01-05T12:04:44","date_gmt":"2015-01-05T11:04:44","guid":{"rendered":"http:\/\/www.prime.il.pw.edu.pl\/?page_id=350"},"modified":"2015-01-05T12:04:44","modified_gmt":"2015-01-05T11:04:44","slug":"pseudokody-2","status":"publish","type":"page","link":"https:\/\/www.prime.il.pw.edu.pl\/?page_id=350","title":{"rendered":"Pseudokody 2"},"content":{"rendered":"<p>Pierwsze zadanie sprowadza si\u0119 do wyznaczenia liczby wyraz\u00f3w wektora mniejszych od danej warto\u015bci oraz ich sumy.<\/p>\n<blockquote>\n<pre><strong>START<\/strong>\r\n<strong>\u00a0\u00a0\u00a0 a=[1,3,5,7,9,2,4,6,8]<\/strong>\r\n<strong>\u00a0\u00a0\u00a0 READ w<\/strong>\r\n<strong>\u00a0\u00a0\u00a0 l=0<\/strong>\r\n<strong>\u00a0\u00a0\u00a0 s=0<\/strong>\r\n<strong>\u00a0\u00a0\u00a0 aa=SIZE(a)<\/strong>\r\n<strong>\u00a0\u00a0\u00a0 FOR i = 1 TO aa STEP 1 DO<\/strong>\r\n<strong>\u00a0\u00a0\u00a0\u00a0\u00a0\u00a0\u00a0 IF a[i]&lt;w THEN<\/strong>\r\n<strong>\u00a0\u00a0\u00a0\u00a0\u00a0\u00a0\u00a0\u00a0\u00a0\u00a0\u00a0 l=l+1<\/strong>\r\n<strong>\u00a0\u00a0\u00a0\u00a0\u00a0\u00a0\u00a0\u00a0\u00a0\u00a0\u00a0 s=s+a[i]<\/strong>\r\n<strong>\u00a0\u00a0\u00a0\u00a0\u00a0\u00a0\u00a0 ENDIF<\/strong>\r\n<strong>\u00a0\u00a0\u00a0 ENDFOR<\/strong>\r\n<strong>\u00a0\u00a0\u00a0 WRITE l,s<\/strong>\r\n<strong>END<\/strong>\r\n<\/pre>\n<\/blockquote>\n<hr \/>\n<p>W drugim zadaniu b\u0119dziemy sumowali wyrazy ci\u0105gu liczbowego postaci 1+1\/2+1\/4+1\/8+1\/16 wi\u0119ksze od zadanej warto\u015bci eps.<\/p>\n<blockquote>\n<pre><strong>START<\/strong>\r\n<strong>\u00a0\u00a0\u00a0 READ eps<\/strong>\r\n<strong>\u00a0\u00a0\u00a0 i=0<\/strong>\r\n<strong>\u00a0\u00a0\u00a0 t=1<\/strong>\r\n<strong>\u00a0\u00a0\u00a0 s=t<\/strong>\r\n<strong>\u00a0\u00a0\u00a0 WHILE t&gt;eps DO<\/strong>\r\n<strong>\u00a0\u00a0\u00a0\u00a0\u00a0\u00a0\u00a0 i=i+1<\/strong>\r\n<strong>\u00a0\u00a0\u00a0\u00a0\u00a0\u00a0\u00a0 t=t\/2<\/strong>\r\n<strong>\u00a0\u00a0\u00a0\u00a0\u00a0\u00a0\u00a0 s=s+t<\/strong>\r\n<strong>\u00a0\u00a0\u00a0 ENDWHILE<\/strong>\r\n<strong>\u00a0\u00a0\u00a0 WRITE i,s<\/strong>\r\n<strong>END<\/strong>\r\n<\/pre>\n<\/blockquote>\n<hr \/>\n<p>Trzecie zadanie to wyznaczenie warto\u015bci funkcji sinus poprzez rozwini\u0119cie jej w szereg pot\u0119gowy postaci x-x^3\/3!+x^5\/5!-x^7\/7!+&#8230;<\/p>\n<blockquote>\n<pre>\r\n<strong>START<\/strong>\r\n<strong>\u00a0\u00a0\u00a0 \\\\ sin(x)=x-x^3\/3!+x^5\/5!-x^7\/7!+...<\/strong>\r\n<strong>\u00a0\u00a0\u00a0 READ x,eps<\/strong>\r\n<strong>\u00a0\u00a0\u00a0 t=x<\/strong>\r\n<strong>\u00a0\u00a0\u00a0 s=t<\/strong>\r\n<strong>\u00a0\u00a0\u00a0 i=0<\/strong>\r\n<strong>\u00a0\u00a0\u00a0 WHILE ABSOLUTE(t)&gt;eps DO<\/strong>\r\n<strong>\u00a0\u00a0\u00a0\u00a0\u00a0\u00a0\u00a0 i=i+2<\/strong>\r\n<strong>\u00a0\u00a0\u00a0\u00a0\u00a0\u00a0\u00a0 t=-t*x*x\/i\/(i+1)<\/strong>\r\n<strong>\u00a0\u00a0\u00a0\u00a0\u00a0\u00a0\u00a0 s=s+t<\/strong>\r\n<strong>\u00a0\u00a0\u00a0 ENDWHILE<\/strong>\r\n<strong>\u00a0\u00a0\u00a0 WRITE s,t,eps<\/strong>\r\n<strong>END<\/strong>\r\n<\/pre>\n<\/blockquote>\n","protected":false},"excerpt":{"rendered":"<p>Pierwsze zadanie sprowadza si\u0119 do wyznaczenia liczby wyraz\u00f3w wektora mniejszych od danej warto\u015bci oraz ich sumy. START \u00a0\u00a0\u00a0 a=[1,3,5,7,9,2,4,6,8] \u00a0\u00a0\u00a0 READ w \u00a0\u00a0\u00a0 l=0 \u00a0\u00a0\u00a0 s=0 \u00a0\u00a0\u00a0 aa=SIZE(a) \u00a0\u00a0\u00a0 FOR i = 1 TO aa STEP 1 DO \u00a0\u00a0\u00a0\u00a0\u00a0\u00a0\u00a0 IF a[i]&lt;w THEN \u00a0\u00a0\u00a0\u00a0\u00a0\u00a0\u00a0\u00a0\u00a0\u00a0\u00a0 l=l+1 \u00a0\u00a0\u00a0\u00a0\u00a0\u00a0\u00a0\u00a0\u00a0\u00a0\u00a0 s=s+a[i] \u00a0\u00a0\u00a0\u00a0\u00a0\u00a0\u00a0 ENDIF \u00a0\u00a0\u00a0 ENDFOR \u00a0\u00a0\u00a0 WRITE l,s END W &hellip; <\/p>\n<p class=\"link-more\"><a href=\"https:\/\/www.prime.il.pw.edu.pl\/?page_id=350\" class=\"more-link\">Czytaj dalej<span class=\"screen-reader-text\"> \u201ePseudokody 2\u201d<\/span><\/a><\/p>\n","protected":false},"author":1,"featured_media":0,"parent":74,"menu_order":2,"comment_status":"open","ping_status":"open","template":"","meta":{"_exactmetrics_skip_tracking":false,"_exactmetrics_sitenote_active":false,"_exactmetrics_sitenote_note":"","_exactmetrics_sitenote_category":0,"footnotes":""},"_links":{"self":[{"href":"https:\/\/www.prime.il.pw.edu.pl\/index.php?rest_route=\/wp\/v2\/pages\/350"}],"collection":[{"href":"https:\/\/www.prime.il.pw.edu.pl\/index.php?rest_route=\/wp\/v2\/pages"}],"about":[{"href":"https:\/\/www.prime.il.pw.edu.pl\/index.php?rest_route=\/wp\/v2\/types\/page"}],"author":[{"embeddable":true,"href":"https:\/\/www.prime.il.pw.edu.pl\/index.php?rest_route=\/wp\/v2\/users\/1"}],"replies":[{"embeddable":true,"href":"https:\/\/www.prime.il.pw.edu.pl\/index.php?rest_route=%2Fwp%2Fv2%2Fcomments&post=350"}],"version-history":[{"count":2,"href":"https:\/\/www.prime.il.pw.edu.pl\/index.php?rest_route=\/wp\/v2\/pages\/350\/revisions"}],"predecessor-version":[{"id":352,"href":"https:\/\/www.prime.il.pw.edu.pl\/index.php?rest_route=\/wp\/v2\/pages\/350\/revisions\/352"}],"up":[{"embeddable":true,"href":"https:\/\/www.prime.il.pw.edu.pl\/index.php?rest_route=\/wp\/v2\/pages\/74"}],"wp:attachment":[{"href":"https:\/\/www.prime.il.pw.edu.pl\/index.php?rest_route=%2Fwp%2Fv2%2Fmedia&parent=350"}],"curies":[{"name":"wp","href":"https:\/\/api.w.org\/{rel}","templated":true}]}}