{"id":37,"date":"2014-07-16T08:36:09","date_gmt":"2014-07-16T06:36:09","guid":{"rendered":"http:\/\/www.prime.il.pw.edu.pl\/?page_id=37"},"modified":"2020-07-02T18:32:20","modified_gmt":"2020-07-02T16:32:20","slug":"04-2","status":"publish","type":"page","link":"https:\/\/www.prime.il.pw.edu.pl\/?page_id=37","title":{"rendered":"4"},"content":{"rendered":"<p><strong>Wektory, macierze i tabele<\/strong><\/p>\n<p>4. Wektory, macierze i tabele . 59<br \/>\n4.1. Tworzenie i edycja macierzy i tabel . 60<br \/>\n4.2. Operacje macierzowe . 63<br \/>\n4.3. Rozwi\u0105zywanie uk\u0142ad\u00f3w r\u00f3wna\u0144 . 67<br \/>\n4.4. Wybrane funkcje macierzowe . 68<br \/>\n4.4.1. Rozmiary wektor\u00f3w i macierzy . 68<br \/>\n4.4.2. Generowanie wektor\u00f3w i macierzy . 68<br \/>\n4.4.3. Wyszukiwanie element\u00f3w macierzy i wektor\u00f3w . 69<br \/>\n4.4.4. Operacje na fragmentach macierzy . 70<br \/>\n4.4.5. Warto\u015bci i wektory w\u0142asne . 71<br \/>\n4.4.6. Funkcje sortowania . 72<br \/>\n4.5. Zadania . 73<\/p>\n","protected":false},"excerpt":{"rendered":"<p>Wektory, macierze i tabele 4. Wektory, macierze i tabele . 59 4.1. Tworzenie i edycja macierzy i tabel . 60 4.2. Operacje macierzowe . 63 4.3. Rozwi\u0105zywanie uk\u0142ad\u00f3w r\u00f3wna\u0144 . 67 4.4. Wybrane funkcje macierzowe . 68 4.4.1. Rozmiary wektor\u00f3w i macierzy . 68 4.4.2. Generowanie wektor\u00f3w i macierzy . 68 4.4.3. Wyszukiwanie element\u00f3w macierzy &hellip; <\/p>\n<p class=\"link-more\"><a href=\"https:\/\/www.prime.il.pw.edu.pl\/?page_id=37\" class=\"more-link\">Czytaj dalej<span class=\"screen-reader-text\"> \u201e4\u201d<\/span><\/a><\/p>\n","protected":false},"author":1,"featured_media":0,"parent":0,"menu_order":0,"comment_status":"open","ping_status":"open","template":"","meta":{"_exactmetrics_skip_tracking":false,"_exactmetrics_sitenote_active":false,"_exactmetrics_sitenote_note":"","_exactmetrics_sitenote_category":0,"footnotes":""},"_links":{"self":[{"href":"https:\/\/www.prime.il.pw.edu.pl\/index.php?rest_route=\/wp\/v2\/pages\/37"}],"collection":[{"href":"https:\/\/www.prime.il.pw.edu.pl\/index.php?rest_route=\/wp\/v2\/pages"}],"about":[{"href":"https:\/\/www.prime.il.pw.edu.pl\/index.php?rest_route=\/wp\/v2\/types\/page"}],"author":[{"embeddable":true,"href":"https:\/\/www.prime.il.pw.edu.pl\/index.php?rest_route=\/wp\/v2\/users\/1"}],"replies":[{"embeddable":true,"href":"https:\/\/www.prime.il.pw.edu.pl\/index.php?rest_route=%2Fwp%2Fv2%2Fcomments&post=37"}],"version-history":[{"count":3,"href":"https:\/\/www.prime.il.pw.edu.pl\/index.php?rest_route=\/wp\/v2\/pages\/37\/revisions"}],"predecessor-version":[{"id":590,"href":"https:\/\/www.prime.il.pw.edu.pl\/index.php?rest_route=\/wp\/v2\/pages\/37\/revisions\/590"}],"wp:attachment":[{"href":"https:\/\/www.prime.il.pw.edu.pl\/index.php?rest_route=%2Fwp%2Fv2%2Fmedia&parent=37"}],"curies":[{"name":"wp","href":"https:\/\/api.w.org\/{rel}","templated":true}]}}