{"id":380,"date":"2015-01-07T08:10:47","date_gmt":"2015-01-07T07:10:47","guid":{"rendered":"http:\/\/www.prime.il.pw.edu.pl\/?page_id=380"},"modified":"2015-12-29T09:23:18","modified_gmt":"2015-12-29T08:23:18","slug":"wielomiany","status":"publish","type":"page","link":"https:\/\/www.prime.il.pw.edu.pl\/?page_id=380","title":{"rendered":"Fiszki i test 08"},"content":{"rendered":"<p>[qdeck style=\u201dwidth: 550px; height: 250px; border: 4px solid DodgerBlue;\u201d random=&#8221;true&#8221;]<br \/>\nKliknij na \u2018Check answer\u2019 aby zobaczy\u0107 odpowied\u017a.<br \/>\nPo b\u0142\u0119dnej odpowiedzi kliknij na \u2018Need more practice\u2019.<br \/>\nFiszka  pow\u0119druje w\u00f3wczas na koniec.<br \/>\nJe\u015bli odpowied\u017a by\u0142a poprawna kliknij na \u2018Got it\u2019.<br \/>\nPrzycisk \u2018Shuffle\u2019 pozwala na tasowanie fiszek.<\/p>\n<p>[start]<\/p>\n<p>[q] Argumentem funkcji s\u0142u\u017c\u0105cej do znajdywania pierwiastk\u00f3w wielomianu jest<br \/>\n[a]    wektor wsp\u00f3\u0142czynnik\u00f3w wielomianu<\/p>\n<p>[q] Do aproksymacji liniowej s\u0142u\u017cy funkcja<br \/>\n[a]    line<\/p>\n<p>[q] Do aproksymacji za pomoc\u0105 funkcji ekspotencjalnej s\u0142u\u017cy funkcja<br \/>\n[a]    expfit<\/p>\n<p>[q] Do rozwi\u0105zywania liniowego uk\u0142adu r\u00f3wna\u0144 s\u0142u\u017cy funkcja<br \/>\n[a]    lsolve<\/p>\n<p>[q] Do rozwi\u0105zywania r\u00f3wna\u0144 r\u00f3\u017cniczkowych s\u0142u\u017cy funkcja<br \/>\n[a]    odesolve<\/p>\n<p>[q] Do rozwi\u0105zywania uk\u0142ad\u00f3w r\u00f3wna\u0144 nieliniowych s\u0142u\u017cy funkcja<br \/>\n[a]    find<\/p>\n<p>[q] Do znajdywania maksimum s\u0142u\u017cy funkcja<br \/>\n[a]    maximize<\/p>\n<p>[q] Do znajdywania minimum slu\u017cy funkcja<br \/>\n[a]    minimize<\/p>\n<p>[q] Do znajdywania pierwiastk\u00f3w wielomianu s\u0142u\u017cy funkcja<br \/>\n[a]    polyroots<\/p>\n<p>[q] Do znajdywania rozwi\u0105zania mo\u017cliwie bliskiego do dok\u0142adnego s\u0142u\u017cy funkcja<br \/>\n[a]    minerr<\/p>\n<p>[q] Elementy (podpola) Solve Block to kolejno<br \/>\n[a]    Guess Values, Constraints, Solver<\/p>\n<p>[q] Solve Block sk\u0142ada si\u0119 z&#8230;<br \/>\n[a]    3 podp\u00f3l<\/p>\n<p>[q] Solve Block wstawia skr\u00f3t klawiaturowy<br \/>\n[a]    Ctrl 1<\/p>\n<p>[\/qdeck]<\/p>\n<p>.<\/p>\n<p>.<br \/>\n[qwiz style=\u201dwidth: 550px; min-height: 0px; border: 4px solid DodgerBlue;\u201d]<\/p>\n<p>[q] Argumentem funkcji s\u0142u\u017c\u0105cej do znajdywania pierwiastk\u00f3w wielomianu jest<br \/>\n[c*]    wektor wsp\u00f3\u0142czynnik\u00f3w wielomianu<br \/>\n[c]    lista wsp\u00f3\u0142czynnik\u00f3w wielomianu<br \/>\n[c]    funkcja opisuj\u0105ca wielomian<br \/>\n[c]    funkcja wielomianowa<\/p>\n<p>[q] Do aproksymacji liniowej s\u0142u\u017cy funkcja<br \/>\n[c*]    line<br \/>\n[c]    linfit<br \/>\n[c]    linefit<br \/>\n[c]    linearfit<\/p>\n<p>[q] Do aproksymacji za pomoc\u0105 funkcji ekspotencjalnej s\u0142u\u017cy funkcja<br \/>\n[c*]    expfit<br \/>\n[c]    expotfit<br \/>\n[c]    efit<br \/>\n[c]    expofit<\/p>\n<p>[q] Do rozwi\u0105zywania liniowego uk\u0142adu r\u00f3wna\u0144 s\u0142u\u017cy funkcja<br \/>\n[c*]    lsolve<br \/>\n[c]    linearsolve<br \/>\n[c]    linearsolvwer<br \/>\n[c]    linearequations<\/p>\n<p>[q] Do rozwi\u0105zywania r\u00f3wna\u0144 r\u00f3\u017cniczkowych s\u0142u\u017cy funkcja<br \/>\n[c*]    odesolve<br \/>\n[c]    ode<br \/>\n[c]    solveode<br \/>\n[c]    odesolver<\/p>\n<p>[q] Do rozwi\u0105zywania uk\u0142ad\u00f3w r\u00f3wna\u0144 nieliniowych s\u0142u\u017cy funkcja<br \/>\n[c*]    find<br \/>\n[c]    nonlin<br \/>\n[c]    solver<br \/>\n[c]    solving<\/p>\n<p>[q] Do znajdywania maksimum s\u0142u\u017cy funkcja<br \/>\n[c*]    maximize<br \/>\n[c]    maximum<br \/>\n[c]    max<br \/>\n[c]    minimax<\/p>\n<p>[q] Do znajdywania minimum slu\u017cy funkcja<br \/>\n[c*]    minimize<br \/>\n[c]    min<br \/>\n[c]    minimum<br \/>\n[c]    minimax<\/p>\n<p>[q] Do znajdywania pierwiastk\u00f3w wielomianu s\u0142u\u017cy funkcja<br \/>\n[c*]    polyroots<br \/>\n[c]    polyroot<br \/>\n[c]    polynomialroots<br \/>\n[c]    polroots<\/p>\n<p>[q] Do znajdywania rozwi\u0105zania mo\u017cliwie bliskiego do dok\u0142adnego s\u0142u\u017cy funkcja<br \/>\n[c*]    minerr<br \/>\n[c]    minimizeerror<br \/>\n[c]    minimalerror<br \/>\n[c]    minimumerror<\/p>\n<p>[q] Elementy (podpola) Solve Block to kolejno<br \/>\n[c*]    Guess Values, Constraints, Solver<br \/>\n[c]    Constraints, Guess Values, Solver<br \/>\n[c]    Guessing, Constraints, Solution<br \/>\n[c]    Constraints, Guessing, Solution<\/p>\n<p>[q] Solve Block sk\u0142ada si\u0119 z&#8230;<br \/>\n[c*]    3 podp\u00f3l<br \/>\n[c]    2 podp\u00f3l<br \/>\n[c]    4 podp\u00f3l<br \/>\n[c]    jednego pola<\/p>\n<p>[q] Solve Block wstawia skr\u00f3t klawiaturowy<br \/>\n[c*]    Ctrl 1<br \/>\n[c]    Ctrl 2<br \/>\n[c]    Ctrl Alt S<br \/>\n[c]    Ctrl Alt B<\/p>\n<p>[\/qwiz]<\/p>\n","protected":false},"excerpt":{"rendered":"<p>[qdeck style=\u201dwidth: 550px; height: 250px; border: 4px solid DodgerBlue;\u201d random=&#8221;true&#8221;] Kliknij na \u2018Check answer\u2019 aby zobaczy\u0107 odpowied\u017a. Po b\u0142\u0119dnej odpowiedzi kliknij na \u2018Need more practice\u2019. Fiszka pow\u0119druje w\u00f3wczas na koniec. Je\u015bli odpowied\u017a by\u0142a poprawna kliknij na \u2018Got it\u2019. Przycisk \u2018Shuffle\u2019 pozwala na tasowanie fiszek. [start] [q] Argumentem funkcji s\u0142u\u017c\u0105cej do znajdywania pierwiastk\u00f3w wielomianu jest [a] &hellip; <\/p>\n<p class=\"link-more\"><a href=\"https:\/\/www.prime.il.pw.edu.pl\/?page_id=380\" class=\"more-link\">Czytaj dalej<span class=\"screen-reader-text\"> \u201eFiszki i test 08\u201d<\/span><\/a><\/p>\n","protected":false},"author":1,"featured_media":0,"parent":57,"menu_order":1,"comment_status":"open","ping_status":"open","template":"","meta":{"_exactmetrics_skip_tracking":false,"_exactmetrics_sitenote_active":false,"_exactmetrics_sitenote_note":"","_exactmetrics_sitenote_category":0,"footnotes":""},"_links":{"self":[{"href":"https:\/\/www.prime.il.pw.edu.pl\/index.php?rest_route=\/wp\/v2\/pages\/380"}],"collection":[{"href":"https:\/\/www.prime.il.pw.edu.pl\/index.php?rest_route=\/wp\/v2\/pages"}],"about":[{"href":"https:\/\/www.prime.il.pw.edu.pl\/index.php?rest_route=\/wp\/v2\/types\/page"}],"author":[{"embeddable":true,"href":"https:\/\/www.prime.il.pw.edu.pl\/index.php?rest_route=\/wp\/v2\/users\/1"}],"replies":[{"embeddable":true,"href":"https:\/\/www.prime.il.pw.edu.pl\/index.php?rest_route=%2Fwp%2Fv2%2Fcomments&post=380"}],"version-history":[{"count":8,"href":"https:\/\/www.prime.il.pw.edu.pl\/index.php?rest_route=\/wp\/v2\/pages\/380\/revisions"}],"predecessor-version":[{"id":383,"href":"https:\/\/www.prime.il.pw.edu.pl\/index.php?rest_route=\/wp\/v2\/pages\/380\/revisions\/383"}],"up":[{"embeddable":true,"href":"https:\/\/www.prime.il.pw.edu.pl\/index.php?rest_route=\/wp\/v2\/pages\/57"}],"wp:attachment":[{"href":"https:\/\/www.prime.il.pw.edu.pl\/index.php?rest_route=%2Fwp%2Fv2%2Fmedia&parent=380"}],"curies":[{"name":"wp","href":"https:\/\/api.w.org\/{rel}","templated":true}]}}