{"id":42,"date":"2014-07-16T08:37:06","date_gmt":"2014-07-16T06:37:06","guid":{"rendered":"http:\/\/www.prime.il.pw.edu.pl\/?page_id=42"},"modified":"2020-07-02T18:32:39","modified_gmt":"2020-07-02T16:32:39","slug":"05-2","status":"publish","type":"page","link":"https:\/\/www.prime.il.pw.edu.pl\/?page_id=42","title":{"rendered":"5"},"content":{"rendered":"<p><strong>Obliczenia symboliczne<\/strong><\/p>\n<p>5. Obliczenia symboliczne . 76<br \/>\n5.1. Numerycznie czy symbolicznie? .  76<br \/>\n5.2. Modyfikatory .  79<br \/>\n5.3. Upraszczanie wyra\u017ce\u0144 . 80<br \/>\n5.4. Rozwijanie wyra\u017ce\u0144 . 80<br \/>\n5.5. Rozk\u0142ad na czynniki . 81<br \/>\n5.6. Wydzielanie czynnik\u00f3w . 81<br \/>\n5.7. Podstawianie . 81<br \/>\n5.8. Zaokr\u0105glanie . 82<br \/>\n5.9. Wsp\u00f3\u0142czynniki wielomianu .  82<br \/>\n5.10. Rozwijanie funkcji w szereg . 83<br \/>\n5.11. Symboliczne rozwi\u0105zywanie r\u00f3wna\u0144 . 83<br \/>\n5.12. Rozk\u0142ad na u\u0142amki proste . 84<br \/>\n5.13. Zadania . 84<\/p>\n","protected":false},"excerpt":{"rendered":"<p>Obliczenia symboliczne 5. Obliczenia symboliczne . 76 5.1. Numerycznie czy symbolicznie? . 76 5.2. Modyfikatory . 79 5.3. Upraszczanie wyra\u017ce\u0144 . 80 5.4. Rozwijanie wyra\u017ce\u0144 . 80 5.5. Rozk\u0142ad na czynniki . 81 5.6. Wydzielanie czynnik\u00f3w . 81 5.7. Podstawianie . 81 5.8. Zaokr\u0105glanie . 82 5.9. Wsp\u00f3\u0142czynniki wielomianu . 82 5.10. Rozwijanie funkcji w &hellip; <\/p>\n<p class=\"link-more\"><a href=\"https:\/\/www.prime.il.pw.edu.pl\/?page_id=42\" class=\"more-link\">Czytaj dalej<span class=\"screen-reader-text\"> \u201e5\u201d<\/span><\/a><\/p>\n","protected":false},"author":1,"featured_media":0,"parent":0,"menu_order":0,"comment_status":"open","ping_status":"open","template":"","meta":{"_exactmetrics_skip_tracking":false,"_exactmetrics_sitenote_active":false,"_exactmetrics_sitenote_note":"","_exactmetrics_sitenote_category":0,"footnotes":""},"_links":{"self":[{"href":"https:\/\/www.prime.il.pw.edu.pl\/index.php?rest_route=\/wp\/v2\/pages\/42"}],"collection":[{"href":"https:\/\/www.prime.il.pw.edu.pl\/index.php?rest_route=\/wp\/v2\/pages"}],"about":[{"href":"https:\/\/www.prime.il.pw.edu.pl\/index.php?rest_route=\/wp\/v2\/types\/page"}],"author":[{"embeddable":true,"href":"https:\/\/www.prime.il.pw.edu.pl\/index.php?rest_route=\/wp\/v2\/users\/1"}],"replies":[{"embeddable":true,"href":"https:\/\/www.prime.il.pw.edu.pl\/index.php?rest_route=%2Fwp%2Fv2%2Fcomments&post=42"}],"version-history":[{"count":3,"href":"https:\/\/www.prime.il.pw.edu.pl\/index.php?rest_route=\/wp\/v2\/pages\/42\/revisions"}],"predecessor-version":[{"id":612,"href":"https:\/\/www.prime.il.pw.edu.pl\/index.php?rest_route=\/wp\/v2\/pages\/42\/revisions\/612"}],"wp:attachment":[{"href":"https:\/\/www.prime.il.pw.edu.pl\/index.php?rest_route=%2Fwp%2Fv2%2Fmedia&parent=42"}],"curies":[{"name":"wp","href":"https:\/\/api.w.org\/{rel}","templated":true}]}}