{"id":511,"date":"2015-01-07T20:37:52","date_gmt":"2015-01-07T19:37:52","guid":{"rendered":"http:\/\/www.prime.il.pw.edu.pl\/?page_id=511"},"modified":"2015-12-29T09:46:17","modified_gmt":"2015-12-29T08:46:17","slug":"rownania-rozniczkowe","status":"publish","type":"page","link":"https:\/\/www.prime.il.pw.edu.pl\/?page_id=511","title":{"rendered":"Fiszki i test 09"},"content":{"rendered":"<p>[qdeck style=\u201dwidth: 550px; height: 250px; border: 4px solid DodgerBlue;\u201d random=&#8221;true&#8221;]<br \/>\nKliknij na \u2018Check answer\u2019 aby zobaczy\u0107 odpowied\u017a.<br \/>\nDla b\u0142\u0119dnej odpowiedzi kliknij na \u2018Need more practice\u2019.<br \/>\nFiszka  pow\u0119druje w\u00f3wczas na koniec.<br \/>\nJe\u015bli odpowied\u017a by\u0142a poprawna kliknij na \u2018Got it\u2019.<br \/>\nPrzycisk \u2018Shuffle\u2019 pozwala na tasowanie fiszek.<\/p>\n<p>[start]<\/p>\n<p>[q] Aby prowadzi\u0107 wykonanie programu w przypadku b\u0142\u0119du w obliczeniach nale\u017cy u\u017cy\u0107<br \/>\n[a]    try &#8211; on error<\/p>\n<p>[q] Aby uruchomi\u0107 obliczenia w programie nale\u017cy nacisn\u0105\u0107<br \/>\n[a]    [=]<\/p>\n<p>[q] Aby wstawi\u0107 nowy program nale\u017cy<br \/>\n[a]    klikn\u0105\u0107 na przycisk Program na li\u015bcie Programming operators lub wykorzystac skr\u00f3t ]<\/p>\n<p>[q] Je\u017celi nazwa funkcji pojawia si\u0119 po obu stronach operatora definicji<br \/>\n[a]    funkcja ma charatker rekurencyjny<\/p>\n<p>[q] Konstrukcja if mo\u017ce by\u0107 dodana za pomoc\u0105<br \/>\n[a]    klikni\u0119cia na if na li\u015bcie operator\u00f3w programowania lub przez napisanie if i naci\u015bni\u0119cie [Ctrl-J]<\/p>\n<p>[q] Konstrukcja else<br \/>\n[a]    mo\u017ce by\u0107 wprowadzona z klawiatury<\/p>\n<p>[q] Kt\u00f3ra z rekursywnych definicji funkcji silnia jest poprawna?<br \/>\n[a]    fR(n):=if(n=1,1,n*fR(n-1))<\/p>\n<p>[q] Lokalne przypisanie zmiennej mo\u017cna wprowadzi\u0107 przez<br \/>\n[a]    klikni\u0119cie na przycisk Local Assignment lub skr\u00f3t [{]<\/p>\n<p>[q] Nowa linia w programie wprowadzana jest przez<br \/>\n[a]    [Enter]<\/p>\n<p>[q] Operator definicji :=<br \/>\n[a]    nie mo\u017ce by\u0107 wykorzystany wewn\u0105trz programu<\/p>\n<p>[q] P\u0119tla for jest u\u017cywana<br \/>\n[a]    gdy wiemy ile razy maj\u0105 by\u0107 powtarzane obliczenia<\/p>\n<p>[q] P\u0119tla while jest wykonywana gdy<br \/>\n[a]    warunek ma warto\u015b\u0107 niezerow\u0105 (prawda)<\/p>\n<p>[q] Wynik dzia\u0142ania programu jest zawsze wy\u015bwietlany<br \/>\n[a]    w prawym g\u00f3rnym naro\u017cniku obszaru programu<\/p>\n<p>[q] Zmienna lokalna w programie jest zdefiniowana<br \/>\n[a]    jedynie wewn\u0105trz programu<\/p>\n<p>[q] Do zamiany wpisanej nazwy struktury programistycznej na sam\u0105 struktur\u0119 s\u0142u\u017cy<br \/>\n[a]    Ctrl J<\/p>\n<p>[q] Nowy program wprowadza<br \/>\n[a]    ]<\/p>\n<p>[q] Operator lokalnego przypisania to<br \/>\n[a]    {<\/p>\n<p>[q] P\u0119tla sterowana licznikiem to<br \/>\n[a]    for<\/p>\n<p>[q] P\u0119tla sterowana warunkiem to<br \/>\n[a]    while<\/p>\n<p>[q] Podstawowa instrukcja warunkowa to<br \/>\n[a]    if<\/p>\n<p>[\/qdeck]<\/p>\n<p>.<\/p>\n<p>.<br \/>\n[qwiz style=\u201dwidth: 550px; min-height: 0px; border: 4px solid DodgerBlue;\u201d]<\/p>\n<p>[q] Aby prowadzi\u0107 wykonanie programu w przypadku b\u0142\u0119du w obliczeniach nale\u017cy u\u017cy\u0107<br \/>\n[c*]    try &#8211; on error<br \/>\n[c]    continue &#8211; on error<br \/>\n[c]    break &#8211; on error<br \/>\n[c]    return &#8211; on error<\/p>\n<p>[q] Aby uruchomi\u0107 obliczenia w programie nale\u017cy nacisn\u0105\u0107<br \/>\n[c*]    [=]<br \/>\n[c]    [Alt-=]<br \/>\n[c]    [Alt-.]<br \/>\n[c]    [Ctrl-Alt-.]<\/p>\n<p>[q] Aby wstawi\u0107 nowy program nale\u017cy<br \/>\n[c*]    klikn\u0105\u0107 na przycisk Program na li\u015bcie Programming operators lub wykorzystac skr\u00f3t ]<br \/>\n[c]    (jedynie) klikn\u0105\u0107 na przycisk Program na li\u015bcie Programming operators<br \/>\n[c]    (jedynie) wykorzystac skr\u00f3t ]<br \/>\n[c]    u\u017cy\u0107 skr\u00f3tu [Alt-P]<\/p>\n<p>[q] Je\u017celi nazwa funkcji pojawia si\u0119 po obu stronach operatora definicji<br \/>\n[c*]    funkcja ma charatker rekurencyjny<br \/>\n[c]    funkcja ma charakter iteracyjny<br \/>\n[c]    funkcja nie mo\u017ce zosta\u0107 poprawnie wykonana<br \/>\n[c]    pojawia si\u0119 komunikat o b\u0142\u0119dzie<\/p>\n<p>[q] Konstrukcja if mo\u017ce by\u0107 dodana za pomoc\u0105<br \/>\n[c*]    klikni\u0119cia na if na li\u015bcie operator\u00f3w programowania lub przez napisanie if i naci\u015bni\u0119cie [Ctrl-J]<br \/>\n[c]    (jedynie) klikni\u0119cia na if na li\u015bcie operator\u00f3w programowania<br \/>\n[c]    (jedynie) napisania if i naci\u015bni\u0119cie [Ctrl-J]<br \/>\n[c]    napisania if z wykorzystaniem etykiety bold<\/p>\n<p>[q] Konstrukcja else<br \/>\n[c*]    mo\u017ce by\u0107 wprowadzona z klawiatury<br \/>\n[c]    nie jest dozwolona w tej samej linii co if<br \/>\n[c]    nie mo\u017ce by\u0107 wprowadzona z klawiatury<br \/>\n[c]    mo\u017ce by\u0107 u\u017cyta tylko w tej samej linni co if<\/p>\n<p>[q] Kt\u00f3ra z rekursywnych definicji funkcji silnia jest poprawna?<br \/>\n[c*]    fR(n):=if(n=1,1,n*fR(n-1))<br \/>\n[c]    fR(n):=if(n=1,0,n*fR(n-1))<br \/>\n[c]    fR(n):=if(n=1,1,n*fR(n+1))<br \/>\n[c]    fR(n):=if(n=1,1,(n-1)*fR(n))<\/p>\n<p>[q] Lokalne przypisanie zmiennej mo\u017cna wprowadzi\u0107 przez<br \/>\n[c*]    klikni\u0119cie na przycisk Local Assignment lub skr\u00f3t [{]<br \/>\n[c]    (jedynie) klikni\u0119cie na przycisk Local Assignment<br \/>\n[c]    (jedynie) skr\u00f3t [{]<br \/>\n[c]    Za pomoc\u0105 skr\u00f3ty [Alt-}]<\/p>\n<p>[q] Nowa linia w programie wprowadzana jest przez<br \/>\n[c*]    [Enter]<br \/>\n[c]    [Shift-Enter]<br \/>\n[c]    [Ctrl-Enter]<br \/>\n[c]    [Alt-Enter]<\/p>\n<p>[q] Operator definicji :=<br \/>\n[c*]    nie mo\u017ce by\u0107 wykorzystany wewn\u0105trz programu<br \/>\n[c]    mo\u017ce by\u0107 wykorzystany w programie tylko w pierwszej linii<br \/>\n[c]    mo\u017ce by\u0107 wykorzystany jedynie w ostatniej linii<br \/>\n[c]    mo\u017ce by\u0107 wykorzystany w programie jedynie raz<\/p>\n<p>[q] P\u0119tla for jest u\u017cywana<br \/>\n[c*]    gdy wiemy ile razy maj\u0105 by\u0107 powtarzane obliczenia<br \/>\n[c]    gdy nie wiemy ile razy maj\u0105 by\u0107 powtarzane obliczenia<br \/>\n[c]    zawsze z if<br \/>\n[c]    zawsze z konstrukcj\u0105 if-else<\/p>\n<p>[q] P\u0119tla while jest wykonywana gdy<br \/>\n[c*]    warunek ma warto\u015b\u0107 niezerow\u0105 (prawda)<br \/>\n[c]    warunek ma warto\u015b\u0107 zero (prawda)<br \/>\n[c]    warunek ma warto\u015b\u0107 niezerow\u0105 (fa\u0142sz)<br \/>\n[c]    warunek ma warto\u015b\u0107 niezerow\u0105 (false)<\/p>\n<p>[q] Wynik dzia\u0142ania programu jest zawsze wy\u015bwietlany<br \/>\n[c*]    w prawym g\u00f3rnym naro\u017cniku obszaru programu<br \/>\n[c]    w lewym g\u00f3rnym naro\u017cniku obszaru programu<br \/>\n[c]    w prawym dolnym naro\u017cniku obszaru programu<br \/>\n[c]    w lewym dolnym naro\u017cniku obszaru programu<\/p>\n<p>[q] Zmienna lokalna w programie jest zdefiniowana<br \/>\n[c*]    jedynie wewn\u0105trz programu<br \/>\n[c]    w ca\u0142ym arkuszu obliczeniowym<br \/>\n[c]    tylko dla funkcji systemowych<br \/>\n[c]    tylko dla funkcji zdefiniowanych przez u\u017cytkownika<\/p>\n<p>[q] Do zamiany wpisanej nazwy struktury programistycznej na sam\u0105 struktur\u0119 s\u0142u\u017cy<br \/>\n[c*]    Ctrl J<br \/>\n[c]    Ctrl Alt J<br \/>\n[c]    Ctrl Alt P<br \/>\n[c]    Alt P<\/p>\n<p>[q] Nowy program wprowadza<br \/>\n[c*]    ]<br \/>\n[c]    }<br \/>\n[c]    &gt;<br \/>\n[c]    ||<\/p>\n<p>[q] Operator lokalnego przypisania to<br \/>\n[c*]    {<br \/>\n[c]    }<br \/>\n[c]    &lt;<br \/>\n[c]    &lt;-<\/p>\n<p>[q] P\u0119tla sterowana licznikiem to<br \/>\n[c*]    for<br \/>\n[c]    next<br \/>\n[c]    do<br \/>\n[c]    repeat<\/p>\n<p>[q] P\u0119tla sterowana warunkiem to<br \/>\n[c*]    while<br \/>\n[c]    repeat<br \/>\n[c]    until<br \/>\n[c]    do<\/p>\n<p>[q] Podstawowa instrukcja warunkowa to<br \/>\n[c*]    if<br \/>\n[c]    if-then<br \/>\n[c]    else-if<br \/>\n[c]    elseif<\/p>\n<p>[\/qwiz]<\/p>\n","protected":false},"excerpt":{"rendered":"<p>[qdeck style=\u201dwidth: 550px; height: 250px; border: 4px solid DodgerBlue;\u201d random=&#8221;true&#8221;] Kliknij na \u2018Check answer\u2019 aby zobaczy\u0107 odpowied\u017a. Dla b\u0142\u0119dnej odpowiedzi kliknij na \u2018Need more practice\u2019. Fiszka pow\u0119druje w\u00f3wczas na koniec. Je\u015bli odpowied\u017a by\u0142a poprawna kliknij na \u2018Got it\u2019. Przycisk \u2018Shuffle\u2019 pozwala na tasowanie fiszek. [start] [q] Aby prowadzi\u0107 wykonanie programu w przypadku b\u0142\u0119du w obliczeniach &hellip; <\/p>\n<p class=\"link-more\"><a href=\"https:\/\/www.prime.il.pw.edu.pl\/?page_id=511\" class=\"more-link\">Czytaj dalej<span class=\"screen-reader-text\"> \u201eFiszki i test 09\u201d<\/span><\/a><\/p>\n","protected":false},"author":1,"featured_media":0,"parent":69,"menu_order":4,"comment_status":"open","ping_status":"open","template":"","meta":{"_exactmetrics_skip_tracking":false,"_exactmetrics_sitenote_active":false,"_exactmetrics_sitenote_note":"","_exactmetrics_sitenote_category":0,"footnotes":""},"_links":{"self":[{"href":"https:\/\/www.prime.il.pw.edu.pl\/index.php?rest_route=\/wp\/v2\/pages\/511"}],"collection":[{"href":"https:\/\/www.prime.il.pw.edu.pl\/index.php?rest_route=\/wp\/v2\/pages"}],"about":[{"href":"https:\/\/www.prime.il.pw.edu.pl\/index.php?rest_route=\/wp\/v2\/types\/page"}],"author":[{"embeddable":true,"href":"https:\/\/www.prime.il.pw.edu.pl\/index.php?rest_route=\/wp\/v2\/users\/1"}],"replies":[{"embeddable":true,"href":"https:\/\/www.prime.il.pw.edu.pl\/index.php?rest_route=%2Fwp%2Fv2%2Fcomments&post=511"}],"version-history":[{"count":9,"href":"https:\/\/www.prime.il.pw.edu.pl\/index.php?rest_route=\/wp\/v2\/pages\/511\/revisions"}],"predecessor-version":[{"id":661,"href":"https:\/\/www.prime.il.pw.edu.pl\/index.php?rest_route=\/wp\/v2\/pages\/511\/revisions\/661"}],"up":[{"embeddable":true,"href":"https:\/\/www.prime.il.pw.edu.pl\/index.php?rest_route=\/wp\/v2\/pages\/69"}],"wp:attachment":[{"href":"https:\/\/www.prime.il.pw.edu.pl\/index.php?rest_route=%2Fwp%2Fv2%2Fmedia&parent=511"}],"curies":[{"name":"wp","href":"https:\/\/api.w.org\/{rel}","templated":true}]}}