{"id":52,"date":"2014-07-16T08:38:59","date_gmt":"2014-07-16T06:38:59","guid":{"rendered":"http:\/\/www.prime.il.pw.edu.pl\/?page_id=52"},"modified":"2020-07-02T18:33:20","modified_gmt":"2020-07-02T16:33:20","slug":"07-2","status":"publish","type":"page","link":"https:\/\/www.prime.il.pw.edu.pl\/?page_id=52","title":{"rendered":"7"},"content":{"rendered":"<p><strong>Operacje wej\u015bcia i wyj\u015bcia<\/strong><\/p>\n<p>7. Operacje wej\u015bcia i wyj\u015bcia . 95<br \/>\n7.1. Wymiana danych . 95<br \/>\n7.2. WRITEPRN . 95<br \/>\n7.3.\tAPPENDPRN . 96<br \/>\n7.4.\tREADPRN . 97<br \/>\n7.5. WRITEEXCEL . 97<br \/>\n7.6. READEXCEL . 97<br \/>\n7.7. Komponent Excel . 98<\/p>\n","protected":false},"excerpt":{"rendered":"<p>Operacje wej\u015bcia i wyj\u015bcia 7. Operacje wej\u015bcia i wyj\u015bcia . 95 7.1. Wymiana danych . 95 7.2. WRITEPRN . 95 7.3. APPENDPRN . 96 7.4. READPRN . 97 7.5. WRITEEXCEL . 97 7.6. READEXCEL . 97 7.7. Komponent Excel . 98<\/p>\n","protected":false},"author":1,"featured_media":0,"parent":0,"menu_order":0,"comment_status":"open","ping_status":"open","template":"","meta":{"_exactmetrics_skip_tracking":false,"_exactmetrics_sitenote_active":false,"_exactmetrics_sitenote_note":"","_exactmetrics_sitenote_category":0,"footnotes":""},"_links":{"self":[{"href":"https:\/\/www.prime.il.pw.edu.pl\/index.php?rest_route=\/wp\/v2\/pages\/52"}],"collection":[{"href":"https:\/\/www.prime.il.pw.edu.pl\/index.php?rest_route=\/wp\/v2\/pages"}],"about":[{"href":"https:\/\/www.prime.il.pw.edu.pl\/index.php?rest_route=\/wp\/v2\/types\/page"}],"author":[{"embeddable":true,"href":"https:\/\/www.prime.il.pw.edu.pl\/index.php?rest_route=\/wp\/v2\/users\/1"}],"replies":[{"embeddable":true,"href":"https:\/\/www.prime.il.pw.edu.pl\/index.php?rest_route=%2Fwp%2Fv2%2Fcomments&post=52"}],"version-history":[{"count":2,"href":"https:\/\/www.prime.il.pw.edu.pl\/index.php?rest_route=\/wp\/v2\/pages\/52\/revisions"}],"predecessor-version":[{"id":614,"href":"https:\/\/www.prime.il.pw.edu.pl\/index.php?rest_route=\/wp\/v2\/pages\/52\/revisions\/614"}],"wp:attachment":[{"href":"https:\/\/www.prime.il.pw.edu.pl\/index.php?rest_route=%2Fwp%2Fv2%2Fmedia&parent=52"}],"curies":[{"name":"wp","href":"https:\/\/api.w.org\/{rel}","templated":true}]}}