{"id":569,"date":"2015-12-28T14:31:57","date_gmt":"2015-12-28T13:31:57","guid":{"rendered":"http:\/\/www.prime.il.pw.edu.pl\/?page_id=569"},"modified":"2015-12-28T19:53:14","modified_gmt":"2015-12-28T18:53:14","slug":"fiszki-03","status":"publish","type":"page","link":"https:\/\/www.prime.il.pw.edu.pl\/?page_id=569","title":{"rendered":"Fiszki i test 03"},"content":{"rendered":"<p><strong>Fiszki<\/strong><br \/>\n[qdeck style=\u201dwidth: 550px; height: 250px; border: 4px solid DodgerBlue;\u201d random=&#8221;true&#8221;]<br \/>\nKliknij na \u2018Check answer\u2019 aby zobaczy\u0107 odpowied\u017a.<br \/>\nJe\u015bli odpowied\u017a by\u0142a b\u0142\u0119dna kliknij na \u2018Need more practice\u2019.<br \/>\nFiszka  pow\u0119druje w\u00f3wczas na koniec. .<br \/>\nJe\u015bli odpowied\u017a by\u0142a poprawna kliknij na \u2018Got it\u2019.<br \/>\nPrzycisk \u2018Shuffle\u2019 pozwala na tasowanie fiszek.<\/p>\n<p>[start]<\/p>\n<p>[q] Do definiowania zmiennych globalnych s\u0142u\u017cy<br \/>\n[a]    Ctrl ~<\/p>\n<p>[q] Do definiowania zmiennych i funkcji s\u0142u\u017cy<br \/>\n[a]    :<\/p>\n<p>[q] Dodanie do wykresu nowej krzywej umozliwia skr\u00f3t<br \/>\n[a]    Shift Enter<\/p>\n<p>[q] Dokladnosc oblicze\u0144 miejsc zerowych okresla zmienna systemowa<br \/>\n[a]    TOL<\/p>\n<p>[q] Domyslna liczba punkt\u00f3w wykresu wynosi<br \/>\n[a]    500<\/p>\n<p>[q] Funkcja root ma<br \/>\n[a]    dwa lub cztery parametry<\/p>\n<p>[q] Funkcja s\u0142u\u017c\u0105ca do znajdywania miejsc zerowych funkcji nazywa si\u0119<br \/>\n[a]    root<\/p>\n<p>[q] Wstawianie wykresu XY umozliwia skrot<br \/>\n[a]    Ctrl 2<\/p>\n<p>[\/qdeck]<\/p>\n<p><strong>Test<\/strong><\/p>\n<p>[qwiz style=\u201dwidth: 550px; min-height: 0px; border: 4px solid DodgerBlue;\u201d]<\/p>\n<p>[q] Do definiowania zmiennych globalnych s\u0142u\u017cy<br \/>\n[c*]    Ctrl ~<br \/>\n[c]    Alt ~<br \/>\n[c]    Ctrl Alt ~<br \/>\n[c]    ~<\/p>\n<p>[q] Do definiowania zmiennych i funkcji s\u0142u\u017cy<br \/>\n[c]    Ctrl :<br \/>\n[c]    Alt :<br \/>\n[c]    Ctrl =<br \/>\n[c*]    :<\/p>\n<p>[q] Dodanie do wykresu nowej krzywej umozliwia skr\u00f3t<br \/>\n[c]    Shift Space<br \/>\n[c*]    Shift Enter<br \/>\n[c]    Alt Enter<br \/>\n[c]    Alt Space<\/p>\n<p>[q] Dokladnosc oblicze\u0144 miejsc zerowych okresla zmienna systemowa<br \/>\n[c]    TOLERANCE<br \/>\n[c]    CTOL<br \/>\n[c*]    TOL<br \/>\n[c]    ROOTTOL<\/p>\n<p>[q] Domyslna liczba punkt\u00f3w wykresu wynosi<br \/>\n[c*]    500<br \/>\n[c]    50<br \/>\n[c]    100<br \/>\n[c]    200<\/p>\n<p>[q] Funkcja root ma<br \/>\n[c]    dok\u0142adnie dwa parametry<br \/>\n[c]    cztery parametry<br \/>\n[c]    trzy parametry<br \/>\n[c*]    dwa lub cztery parametry<\/p>\n<p>[q] Funkcja s\u0142u\u017c\u0105ca do znajdywania miejsc zerowych funkcji nazywa si\u0119<br \/>\n[c]    roots<br \/>\n[c*]    root<br \/>\n[c]    zero<br \/>\n[c]    zeros<\/p>\n<p>[q] Wstawianie wykresu XY umozliwia skrot<br \/>\n[c*]    Ctrl 2<br \/>\n[c]    Ctrl 3<br \/>\n[c]    Ctrl 4<br \/>\n[c]    Ctrl XY<\/p>\n<p>[\/qwiz]<\/p>\n","protected":false},"excerpt":{"rendered":"<p>Fiszki [qdeck style=\u201dwidth: 550px; height: 250px; border: 4px solid DodgerBlue;\u201d random=&#8221;true&#8221;] Kliknij na \u2018Check answer\u2019 aby zobaczy\u0107 odpowied\u017a. Je\u015bli odpowied\u017a by\u0142a b\u0142\u0119dna kliknij na \u2018Need more practice\u2019. Fiszka pow\u0119druje w\u00f3wczas na koniec. . Je\u015bli odpowied\u017a by\u0142a poprawna kliknij na \u2018Got it\u2019. Przycisk \u2018Shuffle\u2019 pozwala na tasowanie fiszek. [start] [q] Do definiowania zmiennych globalnych s\u0142u\u017cy [a] &hellip; <\/p>\n<p class=\"link-more\"><a href=\"https:\/\/www.prime.il.pw.edu.pl\/?page_id=569\" class=\"more-link\">Czytaj dalej<span class=\"screen-reader-text\"> \u201eFiszki i test 03\u201d<\/span><\/a><\/p>\n","protected":false},"author":1,"featured_media":0,"parent":32,"menu_order":3,"comment_status":"open","ping_status":"open","template":"","meta":{"_exactmetrics_skip_tracking":false,"_exactmetrics_sitenote_active":false,"_exactmetrics_sitenote_note":"","_exactmetrics_sitenote_category":0,"footnotes":""},"_links":{"self":[{"href":"https:\/\/www.prime.il.pw.edu.pl\/index.php?rest_route=\/wp\/v2\/pages\/569"}],"collection":[{"href":"https:\/\/www.prime.il.pw.edu.pl\/index.php?rest_route=\/wp\/v2\/pages"}],"about":[{"href":"https:\/\/www.prime.il.pw.edu.pl\/index.php?rest_route=\/wp\/v2\/types\/page"}],"author":[{"embeddable":true,"href":"https:\/\/www.prime.il.pw.edu.pl\/index.php?rest_route=\/wp\/v2\/users\/1"}],"replies":[{"embeddable":true,"href":"https:\/\/www.prime.il.pw.edu.pl\/index.php?rest_route=%2Fwp%2Fv2%2Fcomments&post=569"}],"version-history":[{"count":8,"href":"https:\/\/www.prime.il.pw.edu.pl\/index.php?rest_route=\/wp\/v2\/pages\/569\/revisions"}],"predecessor-version":[{"id":631,"href":"https:\/\/www.prime.il.pw.edu.pl\/index.php?rest_route=\/wp\/v2\/pages\/569\/revisions\/631"}],"up":[{"embeddable":true,"href":"https:\/\/www.prime.il.pw.edu.pl\/index.php?rest_route=\/wp\/v2\/pages\/32"}],"wp:attachment":[{"href":"https:\/\/www.prime.il.pw.edu.pl\/index.php?rest_route=%2Fwp%2Fv2%2Fmedia&parent=569"}],"curies":[{"name":"wp","href":"https:\/\/api.w.org\/{rel}","templated":true}]}}