{"id":57,"date":"2014-07-16T08:39:59","date_gmt":"2014-07-16T06:39:59","guid":{"rendered":"http:\/\/www.prime.il.pw.edu.pl\/?page_id=57"},"modified":"2020-07-02T18:33:39","modified_gmt":"2020-07-02T16:33:39","slug":"rozwiazywanie-problemow","status":"publish","type":"page","link":"https:\/\/www.prime.il.pw.edu.pl\/?page_id=57","title":{"rendered":"8"},"content":{"rendered":"<p><strong>Rozwi\u0105zywanie problem\u00f3w<\/strong><\/p>\n<p>8. Rozwi\u0105zywanie problem\u00f3w . 104<br \/>\n8.1. Aproksymacja . 104<br \/>\n8.1.1. Aproksymacja liniowa . 105<br \/>\n8.1.2. Aproksymacja ekspotencjalna . 106<br \/>\n8.2. Rozwi\u0105zywanie uk\u0142ad\u00f3w r\u00f3wna\u0144 liniowych . 107<br \/>\n8.3. Miejsca zerowe funkcji . 109<br \/>\n8.4. Solve Block . 111<br \/>\n8.4.1. Funkcja find . 112<br \/>\n8.4.2. Funkcja minerr . 114<br \/>\n8.4.3. Funkcja minimize . 115<br \/>\n8.4.4. Funkcja maximize . 116<br \/>\n8.4.5. Funkcja odesolve . 120<br \/>\n8.5. Zadania . 122<\/p>\n<p><a href=\"http:\/\/www.prime.il.pw.edu.pl\/wp-content\/uploads\/2014\/07\/r08-01.png\"><img loading=\"lazy\" decoding=\"async\" src=\"http:\/\/www.prime.il.pw.edu.pl\/wp-content\/uploads\/2014\/07\/r08-01.png\" alt=\"r08-01\" class=\"aligncenter size-full wp-image-411\" width=\"690\" height=\"930\"><\/a><br \/>\n<a href=\"http:\/\/www.prime.il.pw.edu.pl\/wp-content\/uploads\/2014\/07\/r08-02.png\"><img loading=\"lazy\" decoding=\"async\" src=\"http:\/\/www.prime.il.pw.edu.pl\/wp-content\/uploads\/2014\/07\/r08-02.png\" alt=\"r08-02\" class=\"aligncenter size-full wp-image-412\" width=\"690\" height=\"920\"><\/a><br \/>\n<a href=\"http:\/\/www.prime.il.pw.edu.pl\/wp-content\/uploads\/2014\/07\/r08-03.png\"><img loading=\"lazy\" decoding=\"async\" src=\"http:\/\/www.prime.il.pw.edu.pl\/wp-content\/uploads\/2014\/07\/r08-03.png\" alt=\"r08-03\" class=\"aligncenter size-full wp-image-413\" width=\"690\" height=\"922\"><\/a><br \/>\n<a href=\"http:\/\/www.prime.il.pw.edu.pl\/wp-content\/uploads\/2014\/07\/r08-04.png\"><img loading=\"lazy\" decoding=\"async\" src=\"http:\/\/www.prime.il.pw.edu.pl\/wp-content\/uploads\/2014\/07\/r08-04.png\" alt=\"r08-04\" class=\"aligncenter size-full wp-image-414\" width=\"690\" height=\"910\"><\/a><br \/>\n<a href=\"http:\/\/www.prime.il.pw.edu.pl\/wp-content\/uploads\/2014\/07\/r08-05.png\"><img loading=\"lazy\" decoding=\"async\" src=\"http:\/\/www.prime.il.pw.edu.pl\/wp-content\/uploads\/2014\/07\/r08-05.png\" alt=\"r08-05\" class=\"aligncenter size-full wp-image-415\" width=\"690\" height=\"920\"><\/a><\/p>\n","protected":false},"excerpt":{"rendered":"<p>Rozwi\u0105zywanie problem\u00f3w 8. Rozwi\u0105zywanie problem\u00f3w . 104 8.1. Aproksymacja . 104 8.1.1. Aproksymacja liniowa . 105 8.1.2. Aproksymacja ekspotencjalna . 106 8.2. Rozwi\u0105zywanie uk\u0142ad\u00f3w r\u00f3wna\u0144 liniowych . 107 8.3. Miejsca zerowe funkcji . 109 8.4. Solve Block . 111 8.4.1. Funkcja find . 112 8.4.2. Funkcja minerr . 114 8.4.3. Funkcja minimize . 115 8.4.4. &hellip; <\/p>\n<p class=\"link-more\"><a href=\"https:\/\/www.prime.il.pw.edu.pl\/?page_id=57\" class=\"more-link\">Czytaj dalej<span class=\"screen-reader-text\"> \u201e8\u201d<\/span><\/a><\/p>\n","protected":false},"author":1,"featured_media":0,"parent":0,"menu_order":0,"comment_status":"open","ping_status":"open","template":"","meta":{"_exactmetrics_skip_tracking":false,"_exactmetrics_sitenote_active":false,"_exactmetrics_sitenote_note":"","_exactmetrics_sitenote_category":0,"footnotes":""},"_links":{"self":[{"href":"https:\/\/www.prime.il.pw.edu.pl\/index.php?rest_route=\/wp\/v2\/pages\/57"}],"collection":[{"href":"https:\/\/www.prime.il.pw.edu.pl\/index.php?rest_route=\/wp\/v2\/pages"}],"about":[{"href":"https:\/\/www.prime.il.pw.edu.pl\/index.php?rest_route=\/wp\/v2\/types\/page"}],"author":[{"embeddable":true,"href":"https:\/\/www.prime.il.pw.edu.pl\/index.php?rest_route=\/wp\/v2\/users\/1"}],"replies":[{"embeddable":true,"href":"https:\/\/www.prime.il.pw.edu.pl\/index.php?rest_route=%2Fwp%2Fv2%2Fcomments&post=57"}],"version-history":[{"count":13,"href":"https:\/\/www.prime.il.pw.edu.pl\/index.php?rest_route=\/wp\/v2\/pages\/57\/revisions"}],"predecessor-version":[{"id":725,"href":"https:\/\/www.prime.il.pw.edu.pl\/index.php?rest_route=\/wp\/v2\/pages\/57\/revisions\/725"}],"wp:attachment":[{"href":"https:\/\/www.prime.il.pw.edu.pl\/index.php?rest_route=%2Fwp%2Fv2%2Fmedia&parent=57"}],"curies":[{"name":"wp","href":"https:\/\/api.w.org\/{rel}","templated":true}]}}