{"id":642,"date":"2015-12-28T20:30:40","date_gmt":"2015-12-28T19:30:40","guid":{"rendered":"http:\/\/www.prime.il.pw.edu.pl\/?page_id=642"},"modified":"2015-12-28T20:31:02","modified_gmt":"2015-12-28T19:31:02","slug":"bibliografia","status":"publish","type":"page","link":"https:\/\/www.prime.il.pw.edu.pl\/?page_id=642","title":{"rendered":"Bibliografia"},"content":{"rendered":"<p>1. Adidharma, H., Temyanko, V.: Mathcad for Chemical Engineers. Trafford Publishing (2009).<br \/>\n2. Akbar, A.K.: An Introduction to Numerical Methods Using MathCAD 14. Schroff Development Corporation (2008).<br \/>\n3. Benker, H.: Practical Use of Mathcad: Solving Mathematical Problems with a Computer Algebra System. Springer (1999).<br \/>\n4. Branicki, C.: Komputerowa analiza konstrukcji pr\u0119towych \u2013 bezpo\u015brednia metoda przemieszcze\u0144. Wydawnictwo Politechniki Gda\u0144skiej, Gda\u0144sk (1999).<br \/>\n5. Chapra, S.C., Canale, R.P.: Numerical methods for engineers. McGraw-Hill Higher Education (2010).<br \/>\n6. Chmielewski, T., Nowak, H.: Mechanika budowli. Metoda przemieszcze\u0144. Metoda Crossa. Metoda element\u00f3w sko\u0144czonych. WNT, Warszawa (1996).<br \/>\n7. Cormen, T.H.: Algorytmy bez tajemnic. Helion (2013).<br \/>\n8. Croft, D.R., Lilley, D.G.: Heat transfer calculations using finite difference equations. Applied Science (1977).<br \/>\n9. Dasgupta, S. et al.: Algorytmy. PWN (2012).<br \/>\n10. Fausett, L.V.: Numerical Methods Using MathCAD. Pearson (2001).<br \/>\n11. Gajewski, R.R.: MathCAD \u2013 obliczenia in\u017cynierskie i programowanie. Oficyna Wydawnicza Politechniki Warszawskiej (2011).<br \/>\n12. Gawrysiak, P.: Cyfrowa rewolucja \u2013 rozw\u00f3j cywilizacji informacyjnej. PWN SA (2008).<br \/>\n13. Harel, D., Feldman, Y.: Rzecz o istocie informatyki algorytmika. WNT (2009).<br \/>\n14. Ifrah, G.: Dzieje liczb czyli historia wielkiego wynalazku. Zak\u0142ad Narodowy im. Ossoli\u0144skich (1990).<br \/>\n15. Ifrah, G.: Historia powszechna cyfr. W.A.B. (2006).<br \/>\n16. Inman, D.J.: A Mathcad Manual for Engineering Mechanics: Dynamics. Cengage Learning (2007).<br \/>\n17. Jaluria, Y., Torrance, K.K.E.: Computational Heat Transfer. Taylor &#038; Francis Group (2003).<br \/>\n18. K\u0105czkowski, Z.: P\u0142yty \u2013 obliczenia statyczne. Arkady (1980).<br \/>\n19. Krzy\u017canowski, P.: Obliczenia in\u017cynierskie i naukowe. PWN, Warszawa (2011).<br \/>\n20. Krzy\u017canowski, P.: Obliczenia naukowe. Wydawnictwo Uniwersytetu Warszawskiego, Warszawa (2012).<br \/>\n21. Kucharski, T.: Drgania mechaniczne. Rozwi\u0105zywanie zagadnie\u0144 z MATHCAD-em. WNT (2004).<br \/>\n22. Kucharski, T.: Mechanika og\u00f3lna. Rozwi\u0105zywanie zagadnie\u0144 z MATHCAD-em. WNT (2002).<br \/>\n23. Larsen, R.W.: Introduction to Mathcad 15. Prentice Hall (2010).<br \/>\n24. \u0141odygowski, T., K\u0105kol, W.: Metoda element\u00f3w sko\u0144czonych w wybranych zagadnieniach mechaniki konstrukcji in\u017cynierskich. Wydawnictwo Politechniki Pozna\u0144skiej, (1994).<br \/>\n25. Logan, D.L.: A First Course In The Finite Element Method. Nelson Engineering (2011).<br \/>\n26. Markiewicz, T. i in.: Metody numeryczne. Wyk\u0142ady na Wydziale Elektrycznym Politechniki Warszawskiej. Oficyna Wydawnicza Politechniki Warszawskiej (2014).<br \/>\n27. Maxfield, B.: Engineering with Mathcad: Using Mathcad to Create and Organize Your Engineering Calculations. Butterworth-Heinemann (2006).<br \/>\n28. Maxfield, B.: Essential Mathcad for Engineering, Science, and Math. Academic Press (2009).<br \/>\n29. Maxfield, B.: Essential PTC\u00ae Mathcad Prime\u00ae 3.0: A Guide for New and Current Users. Academic Press (2013).<br \/>\n30. Miller, F.P. et al.: Direct Stiffness Method. VDM Publishing House (2011).<br \/>\n31. Motyka, R., Rasa\u0142a, D.: MathCAD od oblicze\u0144 do programowania. Helion (2012).<br \/>\n32. Nowacki, W.: D\u017awigary powierzchniowe. PWN (1979).<br \/>\n33. Olsson, K.-G., Heyden, S.: Introduction to the Finite Element Method: problems. Studentlitteratur (2008).<br \/>\n34. Ottosen, N.S., Petersson, H.: Introduction to the finite element method. Prentice Hall (1992).<br \/>\n35. Ozisik, N.: Finite Difference Methods in Heat Transfer. CRC Press (1994).<br \/>\n36. Paleczek, W.: Mathcad 2001 Professional. Exit (2003).<br \/>\n37. Paleczek, W.: Mathcad w algorytmach. Exit (2005).<br \/>\n38. Pashechko, M. i in.: Zastosowanie programu MathCAD do rozwi\u0105zywania wybranych zagadnie\u0144 in\u017cynierskich. Politechnika Lubelska, Lublin (2011).<br \/>\n39. Pietraszek, J.: Mathcad. \u0106wiczenia. Helion (2008).<br \/>\n40. Pietrzak, J. i in.: Macierzowa analiza konstrukcji. PWN (1979).<br \/>\n41. Pochopie\u0144, B.: Arytmetyka w systemach cyfrowych. Exit, Warszawa (2004).<br \/>\n42. Pritchard, P.: MathCAD: A Tool for Engineering Problem Solving. McGraw-Hill (2011).<br \/>\n43. Pritchard, P.: MathCAD: A Tool for Engineers and Scientists. McGraw-Hill (2011).<br \/>\n44. Rakowski, G., Kacprzyk, Z.: Metoda element\u00f3w sko\u0144czonych w mechanice konstrukcji. Oficyna Wydawnicza Politechniki Warszawskiej (2005).<br \/>\n45. Regel, W.: 50 wa\u017cnych algorytm\u00f3w i metod matematycznych z przyk\u0142adami. Bila (2009).<br \/>\n46. Regel, W.: Mathcad \u2013 przyk\u0142ady zastosowa\u0144. Mikom (2004).<br \/>\n47. Ros\u0142oniec, S.: Wybrane metody numeryczne z przyk\u0142adami zastosowa\u0144 w zadaniach in\u017cynierskich. Oficyna Wydawnicza Politechniki Warszawskiej (2008).<br \/>\n48. Rychlicki, W.: Od matematyki do programowania. Helion (2011).<br \/>\n49. Sieczkowski, J.M.: Podstawy komputerowego modelowania konstrukcji budowlanych. Oficyna Wydawnicza Politechniki Wroc\u0142awskiej, Wroc\u0142aw (2001).<br \/>\n50. Siemers, T.: An Introduction to Matlab and Mathcad Spring 2014 Edition. Create Space Independent Publishing Platform (2014).<br \/>\n51. Sok\u00f3\u0142, M.: Mathcad. Leksykon kieszonkowy. Helion (2005).<br \/>\n52. \u015ar\u00f3dka, W.: Trzy lekcje metody element\u00f3w sko\u0144czonych. Oficyna Wydawnicza Politechniki Wroc\u0142awskiej, Wroc\u0142aw (2004).<br \/>\n53. Sta\u0144czyk, P.: Algorytmika praktyczna nie tylko dla mistrz\u00f3w. PWN (2009).<br \/>\n54. Timoshenko, S.P., Woinowsky-Krieger, S.: Teoria p\u0142yt i pow\u0142ok. Arkady (1962).<br \/>\n55. Torra, V.: Od abaku do komputera. RBA Collectionables (2012).<br \/>\n56. Tubbs, S.P.: MathCAD for Electrical Engineers and Technologists. Stephen Philip Tubbs (2009).<br \/>\n57. W\u0105sowski, J.: \u0106wiczenia laboratoryjne z metod numerycznych. Oficyna Wydawnicza Politechniki Warszawskiej (2010).<br \/>\n58. Wesselingh, H., Waard, H. de: Calculate &#038; Communicate with Mathcad Prime. VSSD, Delft (2012).<br \/>\n59. Wong, K.-F.V.: Intermediate Heat Transfer. Marcel Dekker. New York (2003).<br \/>\n60. Wr\u00f3blewski, P.: Algorytmy struktury danych i techniki programowania. Helion (2009).<\/p>\n","protected":false},"excerpt":{"rendered":"<p>1. Adidharma, H., Temyanko, V.: Mathcad for Chemical Engineers. Trafford Publishing (2009). 2. Akbar, A.K.: An Introduction to Numerical Methods Using MathCAD 14. Schroff Development Corporation (2008). 3. Benker, H.: Practical Use of Mathcad: Solving Mathematical Problems with a Computer Algebra System. Springer (1999). 4. Branicki, C.: Komputerowa analiza konstrukcji pr\u0119towych \u2013 bezpo\u015brednia metoda przemieszcze\u0144. &hellip; <\/p>\n<p class=\"link-more\"><a href=\"https:\/\/www.prime.il.pw.edu.pl\/?page_id=642\" class=\"more-link\">Czytaj dalej<span class=\"screen-reader-text\"> \u201eBibliografia\u201d<\/span><\/a><\/p>\n","protected":false},"author":1,"featured_media":0,"parent":84,"menu_order":2,"comment_status":"open","ping_status":"open","template":"","meta":{"_exactmetrics_skip_tracking":false,"_exactmetrics_sitenote_active":false,"_exactmetrics_sitenote_note":"","_exactmetrics_sitenote_category":0,"footnotes":""},"_links":{"self":[{"href":"https:\/\/www.prime.il.pw.edu.pl\/index.php?rest_route=\/wp\/v2\/pages\/642"}],"collection":[{"href":"https:\/\/www.prime.il.pw.edu.pl\/index.php?rest_route=\/wp\/v2\/pages"}],"about":[{"href":"https:\/\/www.prime.il.pw.edu.pl\/index.php?rest_route=\/wp\/v2\/types\/page"}],"author":[{"embeddable":true,"href":"https:\/\/www.prime.il.pw.edu.pl\/index.php?rest_route=\/wp\/v2\/users\/1"}],"replies":[{"embeddable":true,"href":"https:\/\/www.prime.il.pw.edu.pl\/index.php?rest_route=%2Fwp%2Fv2%2Fcomments&post=642"}],"version-history":[{"count":1,"href":"https:\/\/www.prime.il.pw.edu.pl\/index.php?rest_route=\/wp\/v2\/pages\/642\/revisions"}],"predecessor-version":[{"id":644,"href":"https:\/\/www.prime.il.pw.edu.pl\/index.php?rest_route=\/wp\/v2\/pages\/642\/revisions\/644"}],"up":[{"embeddable":true,"href":"https:\/\/www.prime.il.pw.edu.pl\/index.php?rest_route=\/wp\/v2\/pages\/84"}],"wp:attachment":[{"href":"https:\/\/www.prime.il.pw.edu.pl\/index.php?rest_route=%2Fwp%2Fv2%2Fmedia&parent=642"}],"curies":[{"name":"wp","href":"https:\/\/api.w.org\/{rel}","templated":true}]}}