{"id":69,"date":"2014-07-16T08:47:21","date_gmt":"2014-07-16T06:47:21","guid":{"rendered":"http:\/\/www.prime.il.pw.edu.pl\/?page_id=69"},"modified":"2020-07-02T18:34:04","modified_gmt":"2020-07-02T16:34:04","slug":"09-2","status":"publish","type":"page","link":"https:\/\/www.prime.il.pw.edu.pl\/?page_id=69","title":{"rendered":"9"},"content":{"rendered":"<p><strong>Programowanie oblicze\u0144<\/strong><\/p>\n<p>9. Programowanie oblicze\u0144 . 124<br \/>\n9.1. Operatory programistyczne . 124<br \/>\n9.1.1. Definiowanie programu . 125<br \/>\n9.1.2. Definiowanie funkcji . 126<br \/>\n9.1.3. Instrukcje warunkowe . 127<br \/>\n9.1.4. P\u0119tle . 129<br \/>\n9.1.5. Pozosta\u0142e struktury kontroluj\u0105ce obliczenia . 130<br \/>\n9.2. Podstawowe problemy programistyczne . 132<br \/>\n9.2.1. Sumowanie liczb ca\u0142kowitych . 132<br \/>\n9.2.2. Zagnie\u017cd\u017canie rozga\u0142\u0119zie\u0144 . 135<br \/>\n9.2.3. Wykorzystanie break, continue, return . 138<br \/>\n9.3. Macierze, wektory i indeksowanie . 140<br \/>\n9.3.1. Minimalne i maksymalne elementy wektora . 140<br \/>\n9.3.2. Parzyste i nieparzyste wyrazy wektora . 143<br \/>\n9.3.3. Wyznaczanie \u015bredniej i zamiana kolejno\u015bci . 144<br \/>\n9.3.4. Macierze . 145<br \/>\n9.4. Zadania . 149<\/p>\n<p>Dzi\u0119ki mo\u017cliwo\u015bci programowania mo\u017cna w programie <strong>Prime <\/strong>grupowa\u0107 (i de facto ukrywa\u0107) pewne obliczenia i zwraca\u0107 jedynie niezb\u0119dne wyniki. Tworzenie programu nast\u0119puje poprzez wstawienie odpowiedniego operatora. Ten operator jest wielokrokowym zasobnikiem, w kt\u00f3rym mog\u0105 zosta\u0107 umieszczone odpowiednie struktury s\u0142u\u017c\u0105ce do kontrolowania przebiegu oblicze\u0144. Struktury te zapewniaj\u0105 realizacj\u0119 nast\u0119puj\u0105cych zada\u0144 programistycznych: przypisywanie wyra\u017ce\u0144 matematycznych do lokalnych zmiennych lub funkcji, rozga\u0142\u0119zianie oblicze\u0144 ze wzgl\u0119du na warunek, instrukcje powtarzania oblicze\u0144, dodawanie punkt\u00f3w przerwa\u0144 oraz \u015bledzenie b\u0142\u0119d\u00f3w.<br \/>\n<a href=\"http:\/\/www.prime.il.pw.edu.pl\/wp-content\/uploads\/2014\/07\/r09-01.png\"><img loading=\"lazy\" decoding=\"async\" src=\"http:\/\/www.prime.il.pw.edu.pl\/wp-content\/uploads\/2014\/07\/r09-01.png\" alt=\"r09-01\" class=\"aligncenter size-full wp-image-417\" width=\"690\" height=\"920\"><\/a><br \/>\n<a href=\"http:\/\/www.prime.il.pw.edu.pl\/wp-content\/uploads\/2014\/07\/r09-02.png\"><img loading=\"lazy\" decoding=\"async\" src=\"http:\/\/www.prime.il.pw.edu.pl\/wp-content\/uploads\/2014\/07\/r09-02.png\" alt=\"r09-02\" class=\"aligncenter size-full wp-image-418\" width=\"690\" height=\"920\"><\/a><\/p>\n","protected":false},"excerpt":{"rendered":"<p>Programowanie oblicze\u0144 9. Programowanie oblicze\u0144 . 124 9.1. Operatory programistyczne . 124 9.1.1. Definiowanie programu . 125 9.1.2. Definiowanie funkcji . 126 9.1.3. Instrukcje warunkowe . 127 9.1.4. P\u0119tle . 129 9.1.5. Pozosta\u0142e struktury kontroluj\u0105ce obliczenia . 130 9.2. Podstawowe problemy programistyczne . 132 9.2.1. Sumowanie liczb ca\u0142kowitych . 132 9.2.2. Zagnie\u017cd\u017canie rozga\u0142\u0119zie\u0144 . 135 &hellip; <\/p>\n<p class=\"link-more\"><a href=\"https:\/\/www.prime.il.pw.edu.pl\/?page_id=69\" class=\"more-link\">Czytaj dalej<span class=\"screen-reader-text\"> \u201e9\u201d<\/span><\/a><\/p>\n","protected":false},"author":1,"featured_media":0,"parent":0,"menu_order":0,"comment_status":"open","ping_status":"open","template":"","meta":{"_exactmetrics_skip_tracking":false,"_exactmetrics_sitenote_active":false,"_exactmetrics_sitenote_note":"","_exactmetrics_sitenote_category":0,"footnotes":""},"_links":{"self":[{"href":"https:\/\/www.prime.il.pw.edu.pl\/index.php?rest_route=\/wp\/v2\/pages\/69"}],"collection":[{"href":"https:\/\/www.prime.il.pw.edu.pl\/index.php?rest_route=\/wp\/v2\/pages"}],"about":[{"href":"https:\/\/www.prime.il.pw.edu.pl\/index.php?rest_route=\/wp\/v2\/types\/page"}],"author":[{"embeddable":true,"href":"https:\/\/www.prime.il.pw.edu.pl\/index.php?rest_route=\/wp\/v2\/users\/1"}],"replies":[{"embeddable":true,"href":"https:\/\/www.prime.il.pw.edu.pl\/index.php?rest_route=%2Fwp%2Fv2%2Fcomments&post=69"}],"version-history":[{"count":5,"href":"https:\/\/www.prime.il.pw.edu.pl\/index.php?rest_route=\/wp\/v2\/pages\/69\/revisions"}],"predecessor-version":[{"id":726,"href":"https:\/\/www.prime.il.pw.edu.pl\/index.php?rest_route=\/wp\/v2\/pages\/69\/revisions\/726"}],"wp:attachment":[{"href":"https:\/\/www.prime.il.pw.edu.pl\/index.php?rest_route=%2Fwp%2Fv2%2Fmedia&parent=69"}],"curies":[{"name":"wp","href":"https:\/\/api.w.org\/{rel}","templated":true}]}}