{"id":7,"date":"2014-07-15T19:42:25","date_gmt":"2014-07-15T17:42:25","guid":{"rendered":"http:\/\/www.prime.il.pw.edu.pl\/?page_id=7"},"modified":"2020-07-02T18:30:12","modified_gmt":"2020-07-02T16:30:12","slug":"00-2","status":"publish","type":"page","link":"https:\/\/www.prime.il.pw.edu.pl\/?page_id=7","title":{"rendered":"00"},"content":{"rendered":"<p>Tu b\u0119d\u0105 r\u00f3\u017cnorodne &#8222;informacje wst\u0119pne&#8221; oraz linki do r\u00f3\u017cnych &#8222;zewn\u0119trznych&#8221; materia\u0142\u00f3w edukacyjnych. Jak pobra\u0107 i zainstalowa\u0107 program? Na stronie firmy PTC nale\u017cy odnale\u017a\u0107 zak\u0142adk\u0119 umo\u017cliwiaj\u0105c\u0105 pobieranie PTC Mathcad Express lub <a title=\"Downlowad Mathcad Prime\" href=\"http:\/\/www.ptc.com\/product\/mathcad\/download-free-trial\" target=\"_blank\" rel=\"noopener noreferrer\">klikn\u0105\u0107 na ten link<\/a>. Po podaniu danych mo\u017cna pobra\u0107 plik instalatora pim_installmgr_mathcad, kt\u00f3ry zarz\u0105dza procesem pobierania plik\u00f3w i ich instalacji. Dost\u0119pna jest tak\u017ce <a title=\"Instrukcja\" href=\"http:\/\/www.ptc.com\/File%20Library\/Product%20Families\/Mathcad\/Mathcad_Prime_Installation_Instructions.pdf\" target=\"_blank\" rel=\"noopener noreferrer\">instrukcja instalacji w formacie PDF<\/a>. W przypadku problem\u00f3w prosz\u0119 o wys\u0142anie komentarza.<\/p>\n","protected":false},"excerpt":{"rendered":"<p>Tu b\u0119d\u0105 r\u00f3\u017cnorodne &#8222;informacje wst\u0119pne&#8221; oraz linki do r\u00f3\u017cnych &#8222;zewn\u0119trznych&#8221; materia\u0142\u00f3w edukacyjnych. Jak pobra\u0107 i zainstalowa\u0107 program? Na stronie firmy PTC nale\u017cy odnale\u017a\u0107 zak\u0142adk\u0119 umo\u017cliwiaj\u0105c\u0105 pobieranie PTC Mathcad Express lub klikn\u0105\u0107 na ten link. Po podaniu danych mo\u017cna pobra\u0107 plik instalatora pim_installmgr_mathcad, kt\u00f3ry zarz\u0105dza procesem pobierania plik\u00f3w i ich instalacji. Dost\u0119pna jest tak\u017ce instrukcja instalacji &hellip; <\/p>\n<p class=\"link-more\"><a href=\"https:\/\/www.prime.il.pw.edu.pl\/?page_id=7\" class=\"more-link\">Czytaj dalej<span class=\"screen-reader-text\"> \u201e00\u201d<\/span><\/a><\/p>\n","protected":false},"author":1,"featured_media":0,"parent":0,"menu_order":0,"comment_status":"open","ping_status":"open","template":"","meta":{"_exactmetrics_skip_tracking":false,"_exactmetrics_sitenote_active":false,"_exactmetrics_sitenote_note":"","_exactmetrics_sitenote_category":0,"footnotes":""},"_links":{"self":[{"href":"https:\/\/www.prime.il.pw.edu.pl\/index.php?rest_route=\/wp\/v2\/pages\/7"}],"collection":[{"href":"https:\/\/www.prime.il.pw.edu.pl\/index.php?rest_route=\/wp\/v2\/pages"}],"about":[{"href":"https:\/\/www.prime.il.pw.edu.pl\/index.php?rest_route=\/wp\/v2\/types\/page"}],"author":[{"embeddable":true,"href":"https:\/\/www.prime.il.pw.edu.pl\/index.php?rest_route=\/wp\/v2\/users\/1"}],"replies":[{"embeddable":true,"href":"https:\/\/www.prime.il.pw.edu.pl\/index.php?rest_route=%2Fwp%2Fv2%2Fcomments&post=7"}],"version-history":[{"count":4,"href":"https:\/\/www.prime.il.pw.edu.pl\/index.php?rest_route=\/wp\/v2\/pages\/7\/revisions"}],"predecessor-version":[{"id":724,"href":"https:\/\/www.prime.il.pw.edu.pl\/index.php?rest_route=\/wp\/v2\/pages\/7\/revisions\/724"}],"wp:attachment":[{"href":"https:\/\/www.prime.il.pw.edu.pl\/index.php?rest_route=%2Fwp%2Fv2%2Fmedia&parent=7"}],"curies":[{"name":"wp","href":"https:\/\/api.w.org\/{rel}","templated":true}]}}