{"id":79,"date":"2014-07-16T08:49:10","date_gmt":"2014-07-16T06:49:10","guid":{"rendered":"http:\/\/www.prime.il.pw.edu.pl\/?page_id=79"},"modified":"2015-12-28T20:21:38","modified_gmt":"2015-12-28T19:21:38","slug":"11-2","status":"publish","type":"page","link":"https:\/\/www.prime.il.pw.edu.pl\/?page_id=79","title":{"rendered":"11"},"content":{"rendered":"<p><strong>Przyk\u0142ady oblicze\u0144 in\u017cynierskich<\/strong><\/p>\n<p>11. Przyk\u0142ady oblicze\u0144 in\u017cynierskich . 176<br \/>\n11.1. Modelowanie materia\u0142u . 176<br \/>\n11.2. Spr\u0119\u017cynki \u2013 metoda element\u00f3w sko\u0144czonych . 182<br \/>\n11.3. Zginanie p\u0142yt cienkich \u2013 metoda Naviera . 186<br \/>\n11.4. Przep\u0142yw ciep\u0142a \u2013 metoda r\u00f3\u017cnic sko\u0144czonych . 189<br \/>\n11.5. Zadania z fizyki . 193<\/p>\n","protected":false},"excerpt":{"rendered":"<p>Przyk\u0142ady oblicze\u0144 in\u017cynierskich 11. Przyk\u0142ady oblicze\u0144 in\u017cynierskich . 176 11.1. Modelowanie materia\u0142u . 176 11.2. Spr\u0119\u017cynki \u2013 metoda element\u00f3w sko\u0144czonych . 182 11.3. Zginanie p\u0142yt cienkich \u2013 metoda Naviera . 186 11.4. Przep\u0142yw ciep\u0142a \u2013 metoda r\u00f3\u017cnic sko\u0144czonych . 189 11.5. Zadania z fizyki . 193<\/p>\n","protected":false},"author":1,"featured_media":0,"parent":0,"menu_order":0,"comment_status":"open","ping_status":"open","template":"","meta":{"_exactmetrics_skip_tracking":false,"_exactmetrics_sitenote_active":false,"_exactmetrics_sitenote_note":"","_exactmetrics_sitenote_category":0,"footnotes":""},"_links":{"self":[{"href":"https:\/\/www.prime.il.pw.edu.pl\/index.php?rest_route=\/wp\/v2\/pages\/79"}],"collection":[{"href":"https:\/\/www.prime.il.pw.edu.pl\/index.php?rest_route=\/wp\/v2\/pages"}],"about":[{"href":"https:\/\/www.prime.il.pw.edu.pl\/index.php?rest_route=\/wp\/v2\/types\/page"}],"author":[{"embeddable":true,"href":"https:\/\/www.prime.il.pw.edu.pl\/index.php?rest_route=\/wp\/v2\/users\/1"}],"replies":[{"embeddable":true,"href":"https:\/\/www.prime.il.pw.edu.pl\/index.php?rest_route=%2Fwp%2Fv2%2Fcomments&post=79"}],"version-history":[{"count":3,"href":"https:\/\/www.prime.il.pw.edu.pl\/index.php?rest_route=\/wp\/v2\/pages\/79\/revisions"}],"predecessor-version":[{"id":639,"href":"https:\/\/www.prime.il.pw.edu.pl\/index.php?rest_route=\/wp\/v2\/pages\/79\/revisions\/639"}],"wp:attachment":[{"href":"https:\/\/www.prime.il.pw.edu.pl\/index.php?rest_route=%2Fwp%2Fv2%2Fmedia&parent=79"}],"curies":[{"name":"wp","href":"https:\/\/api.w.org\/{rel}","templated":true}]}}